{"id":4332,"date":"2025-01-06T15:05:27","date_gmt":"2025-01-06T15:05:27","guid":{"rendered":"https:\/\/www.anne.emmtronics.de\/?page_id=4332"},"modified":"2025-01-29T00:29:15","modified_gmt":"2025-01-29T00:29:15","slug":"hochz","status":"publish","type":"page","link":"https:\/\/www.anne.emmtronics.de\/?page_id=4332","title":{"rendered":"Hochzeit"},"content":{"rendered":"\t\t<div data-elementor-type=\"wp-page\" data-elementor-id=\"4332\" class=\"elementor elementor-4332\" data-elementor-post-type=\"page\">\n\t\t\t\t<div class=\"elementor-element elementor-element-6b5154e e-flex e-con-boxed e-con e-parent\" data-id=\"6b5154e\" data-element_type=\"container\" data-e-type=\"container\">\n\t\t\t\t\t<div class=\"e-con-inner\">\n\t\t\t\t<div class=\"elementor-element elementor-element-f3dfa4b elementor-widget elementor-widget-text-editor\" data-id=\"f3dfa4b\" data-element_type=\"widget\" data-e-type=\"widget\" data-widget_type=\"text-editor.default\">\n\t\t\t\t<div class=\"elementor-widget-container\">\n\t\t\t\t\t\t\t\t\t<h3>Eure Hochzeit. Eure Geschichte. Eure Bilder.<\/h3><p>Euer gro\u00dfer Tag verdient gro\u00dfe Erinnerungen \u2013 ehrlich, lebendig und mit einem Hauch Magie. Ich bin Anne Hornemann, Hochzeitsfotografin f\u00fcr charmante Momente, Liebe f\u00fcr alle Emotionen an solch gro\u00dfen Tagen, und diese kleinen, unvergesslichen Augenblicke, die euch immer wieder l\u00e4cheln lassen. Egal ob in der prallen Sonne oder im knisternden erfrischenden Regen \u2013 ich bin eure fotografische Begleiterin.<\/p><h4>Authentische Hochzeitsreportagen<\/h4><p>Meine Hochzeitsfotografie ist mehr als nur Bilder \u2013 sie erz\u00e4hlt eure Geschichte. Vom ersten nerv\u00f6sen L\u00e4cheln beim Getting Ready \u00fcber den feierlichen Ringtausch bis hin zu ausgelassenen Partymomenten \u2013 ich begleite euch unauff\u00e4llig, aber aufmerksam. Dabei entstehen nat\u00fcrliche, emotionale und authentische Bilder, die euch zeigen.<span style=\"color: var( --e-global-color-text ); font-family: var( --e-global-typography-text-font-family ), Sans-serif; font-weight: var( --e-global-typography-text-font-weight ); text-align: var(--text-align);\">\u00a0Ich bin da, wo die echten Geschichten passieren.<\/span><\/p><h4>Spezialisiert auf Regenhochzeiten<\/h4><p>Regen am Hochzeitstag? Kein Problem \u2013 im Gegenteil! Regenhochzeiten haben einen ganz besonderen Zauber. Ob an der Ostsee, der Nordsee oder in D\u00e4nemark: Ich liebe es, die mystische Stimmung von Regentropfen, dicken fetten, dunklen Wolken, wilden Haaren und weichem Licht einzufangen. Diese einzigartigen Wetterbedingungen schaffen eine intime Atmosph\u00e4re, die eure Bilder noch au\u00dfergew\u00f6hnlicher macht. Manche Brautpaare kommen am Hochzeitstag mit strahlendem Sonnenschein zu mir und sagen traurig: &#8222;Machen wir das Beste draus?&#8220;, dann wei\u00df ich, sie haben meinen Humor zu den Regenhochzeiten verstanden. Epische Bilder k\u00f6nnen bei Starkregen unter einem Regenschirm entstehen, mit faszinierenden Lichteffekten. Na seid ihr nun ebenso Vorfreude auf eure Wetteralternative an eurem Hochzeitstag?<\/p><h4>Hochzeitserinnerungen, die ber\u00fchren<\/h4><p>Als Hochzeitsfotografin verstehe ich, wie wichtig es ist, dass ihr euch vor der Kamera wohlf\u00fchlt. Mit viel Einf\u00fchlungsverm\u00f6gen und einem Hauch Humor sorge ich daf\u00fcr, dass ihr den Tag genie\u00dfen k\u00f6nnt \u2013 ohne euch Gedanken \u00fcber die Kamera zu machen. So entstehen lebendige, echte Aufnahmen, die euch immer wieder in die Gef\u00fchle eures gro\u00dfen Tages zur\u00fcckversetzen.<\/p><h4>Warum ich?<\/h4><p>Mit \u00fcber 10 Jahren Erfahrung in der Hochzeitsfotografie und einem Blick f\u00fcr die kleinen Details halte ich die gro\u00dfen und kleinen Momente eures Tages fest \u2013 voller Liebe, Leichtigkeit und Nat\u00fcrlichkeit. Ob romantische Paarportraits, stimmungsvolle Reportagen oder epische Bilder \u2013 ich passe mich euren W\u00fcnschen und eurem Stil an, um euren Tag perfekt zu verewigen, mit einer charmanten Prise Anne.<\/p><h4>\u00a0<\/h4><h4><span style=\"font-family: -apple-system, BlinkMacSystemFont, 'Segoe UI', Roboto, Oxygen-Sans, Ubuntu, Cantarell, 'Helvetica Neue', sans-serif; font-size: 1rem; text-align: var(--text-align);\">Hochzeitsfotografie in Mitteldeutschland, Deutschland und Europa<\/span><\/h4><p>Ob ihr in Halle (Saale) oder Leipzig im charmanten Altstadtflair heiratet, euch in eine, Standesamt am Meer das Ja-Wort gebt oder eine romantische Scheunenhochzeit mitten im Gr\u00fcnen plant \u2013 ich begleite euch \u00fcberall hin. Hochzeit in D\u00e4nemark, der Schweiz oder Japan? Let&#8217;s go! Ich liebe es, Hochzeiten europaweit zu fotografieren und eure einzigartige Location in meine Arbeit einflie\u00dfen zu lassen.<\/p><h4>Lasst uns gemeinsam eure Geschichte erz\u00e4hlen!<\/h4><p><span style=\"color: var( --e-global-color-text ); font-family: var( --e-global-typography-text-font-family ), Sans-serif; font-weight: var( --e-global-typography-text-font-weight ); text-align: var(--text-align);\">Ihr plant eure Lieblingshochzeit und sucht eine Fotografin, die eure Vision versteht? Dann schreibt mir! Egal ob eine gro\u00dfe Hochzeit mit vielen G\u00e4sten oder nur ihr zwei (Tiny Wedding, Micro Wedding, Elopement), 20er Jahre, Boho, Vintage, Retro, DIY, Strandhochzeit oder Schlossromantik \u2013 ich bin an eurer Seite und dokumentiere die Erlebnisse eures Tages. Je mehr es zu euch beiden passt und eure Geschichte und Verbindung widerspiegelt, um so mehr h\u00fcpft mein Herz.<\/span><\/p><p>Kontaktiert mich noch heute \u2013 ich freue mich auf eure Liebesgeschichte! \u2764\ufe0f<\/p><p><strong>Eure Anne<\/strong><\/p>\t\t\t\t\t\t\t\t<\/div>\n\t\t\t\t<\/div>\n\t\t\t\t\t<\/div>\n\t\t\t\t<\/div>\n\t\t\t\t<\/div>\n\t\t","protected":false},"excerpt":{"rendered":"<p>Eure Hochzeit. Eure Geschichte. Eure Bilder. Euer gro\u00dfer Tag verdient gro\u00dfe Erinnerungen \u2013 ehrlich, lebendig und mit einem Hauch Magie. Ich bin Anne Hornemann, Hochzeitsfotografin f\u00fcr charmante Momente, Liebe f\u00fcr alle Emotionen an solch gro\u00dfen Tagen, und diese kleinen, unvergesslichen Augenblicke, die euch immer wieder l\u00e4cheln lassen. Egal ob in der prallen Sonne oder im &hellip; <\/p>\n<p class=\"link-more\"><a href=\"https:\/\/www.anne.emmtronics.de\/?page_id=4332\" class=\"more-link\">Mehr <span class=\"screen-reader-text\">\u00fcber &#8222;Hochzeit&#8220; <\/span>Lesen<\/a><\/p>\n","protected":false},"author":1,"featured_media":4637,"parent":0,"menu_order":0,"comment_status":"closed","ping_status":"closed","template":"","meta":{"inline_featured_image":false,"inspiro_hide_title":false,"footnotes":""},"class_list":["post-4332","page","type-page","status-publish","has-post-thumbnail","hentry"],"yoast_head":"<!-- This site is optimized with the Yoast SEO plugin v27.5 - https:\/\/yoast.com\/product\/yoast-seo-wordpress\/ -->\n<title>Hochzeit - Anne Hornemann - Fotografin aus Halle\/Saale und Leipzig<\/title>\n<meta name=\"description\" content=\"Authentische Hochzeitsfotografie voller Emotionen, Charme und Stil. Ob farbenfrohe Sommerhochzeit, romantische Regenhochzeit oder intime Feier \u2013 ich halte eure sch\u00f6nsten Momente kreativ und unvergesslich fest. Eure Geschichte, eure Bilder, eure Erinnerungen.\" \/>\n<meta name=\"robots\" content=\"index, follow, max-snippet:-1, max-image-preview:large, max-video-preview:-1\" \/>\n<link rel=\"canonical\" href=\"https:\/\/www.anne.emmtronics.de\/?page_id=4332\" \/>\n<meta property=\"og:locale\" content=\"de_DE\" \/>\n<meta property=\"og:type\" content=\"article\" \/>\n<meta property=\"og:title\" content=\"Hochzeit - Anne Hornemann - Fotografin aus Halle\/Saale und Leipzig\" \/>\n<meta property=\"og:description\" content=\"Authentische Hochzeitsfotografie voller Emotionen, Charme und Stil. Ob farbenfrohe Sommerhochzeit, romantische Regenhochzeit oder intime Feier \u2013 ich halte eure sch\u00f6nsten Momente kreativ und unvergesslich fest. Eure Geschichte, eure Bilder, eure Erinnerungen.\" \/>\n<meta property=\"og:url\" content=\"https:\/\/www.anne.emmtronics.de\/?page_id=4332\" \/>\n<meta property=\"og:site_name\" content=\"Anne Hornemann - Fotografin aus Halle\/Saale und Leipzig\" \/>\n<meta property=\"article:modified_time\" content=\"2025-01-29T00:29:15+00:00\" \/>\n<meta property=\"og:image\" content=\"https:\/\/www.anne.emmtronics.de\/wp-content\/uploads\/2025\/01\/Homepage-@-Anne-Hornemann-8145-scaled.jpg\" \/>\n\t<meta property=\"og:image:width\" content=\"2560\" \/>\n\t<meta property=\"og:image:height\" content=\"1440\" \/>\n\t<meta property=\"og:image:type\" content=\"image\/jpeg\" \/>\n<meta name=\"twitter:card\" content=\"summary_large_image\" \/>\n<meta name=\"twitter:label1\" content=\"Gesch\u00e4tzte Lesezeit\" \/>\n\t<meta name=\"twitter:data1\" content=\"3\u00a0Minuten\" \/>\n<script type=\"application\/ld+json\" class=\"yoast-schema-graph\">{\"@context\":\"https:\\\/\\\/schema.org\",\"@graph\":[{\"@type\":\"WebPage\",\"@id\":\"https:\\\/\\\/www.anne.emmtronics.de\\\/?page_id=4332\",\"url\":\"https:\\\/\\\/www.anne.emmtronics.de\\\/?page_id=4332\",\"name\":\"Hochzeit - Anne Hornemann - Fotografin aus Halle\\\/Saale und Leipzig\",\"isPartOf\":{\"@id\":\"https:\\\/\\\/www.anne.emmtronics.de\\\/#website\"},\"primaryImageOfPage\":{\"@id\":\"https:\\\/\\\/www.anne.emmtronics.de\\\/?page_id=4332#primaryimage\"},\"image\":{\"@id\":\"https:\\\/\\\/www.anne.emmtronics.de\\\/?page_id=4332#primaryimage\"},\"thumbnailUrl\":\"https:\\\/\\\/www.anne.emmtronics.de\\\/wp-content\\\/uploads\\\/2025\\\/01\\\/Homepage-@-Anne-Hornemann-8145-scaled.jpg\",\"datePublished\":\"2025-01-06T15:05:27+00:00\",\"dateModified\":\"2025-01-29T00:29:15+00:00\",\"description\":\"Authentische Hochzeitsfotografie voller Emotionen, Charme und Stil. Ob farbenfrohe Sommerhochzeit, romantische Regenhochzeit oder intime Feier \u2013 ich halte eure sch\u00f6nsten Momente kreativ und unvergesslich fest. Eure Geschichte, eure Bilder, eure Erinnerungen.\",\"breadcrumb\":{\"@id\":\"https:\\\/\\\/www.anne.emmtronics.de\\\/?page_id=4332#breadcrumb\"},\"inLanguage\":\"de\",\"potentialAction\":[{\"@type\":\"ReadAction\",\"target\":[\"https:\\\/\\\/www.anne.emmtronics.de\\\/?page_id=4332\"]}]},{\"@type\":\"ImageObject\",\"inLanguage\":\"de\",\"@id\":\"https:\\\/\\\/www.anne.emmtronics.de\\\/?page_id=4332#primaryimage\",\"url\":\"https:\\\/\\\/www.anne.emmtronics.de\\\/wp-content\\\/uploads\\\/2025\\\/01\\\/Homepage-@-Anne-Hornemann-8145-scaled.jpg\",\"contentUrl\":\"https:\\\/\\\/www.anne.emmtronics.de\\\/wp-content\\\/uploads\\\/2025\\\/01\\\/Homepage-@-Anne-Hornemann-8145-scaled.jpg\",\"width\":2560,\"height\":1440},{\"@type\":\"BreadcrumbList\",\"@id\":\"https:\\\/\\\/www.anne.emmtronics.de\\\/?page_id=4332#breadcrumb\",\"itemListElement\":[{\"@type\":\"ListItem\",\"position\":1,\"name\":\"Startseite\",\"item\":\"https:\\\/\\\/www.anne.emmtronics.de\\\/\"},{\"@type\":\"ListItem\",\"position\":2,\"name\":\"Hochzeit\"}]},{\"@type\":\"WebSite\",\"@id\":\"https:\\\/\\\/www.anne.emmtronics.de\\\/#website\",\"url\":\"https:\\\/\\\/www.anne.emmtronics.de\\\/\",\"name\":\"Anne Hornemann - Fotografin aus Halle\\\/Saale und Leipzig\",\"description\":\"moderne Business Portraits + Events, Musikershootings + Konzertfotografie, farbenfrohe Hochzeiten, Familien Reportagen, therapeutische Fotografie\",\"publisher\":{\"@id\":\"https:\\\/\\\/www.anne.emmtronics.de\\\/#organization\"},\"potentialAction\":[{\"@type\":\"SearchAction\",\"target\":{\"@type\":\"EntryPoint\",\"urlTemplate\":\"https:\\\/\\\/www.anne.emmtronics.de\\\/?s={search_term_string}\"},\"query-input\":{\"@type\":\"PropertyValueSpecification\",\"valueRequired\":true,\"valueName\":\"search_term_string\"}}],\"inLanguage\":\"de\"},{\"@type\":\"Organization\",\"@id\":\"https:\\\/\\\/www.anne.emmtronics.de\\\/#organization\",\"name\":\"Anne Hornemann - Fotografin aus Halle\\\/Saale und Leipzig\",\"url\":\"https:\\\/\\\/www.anne.emmtronics.de\\\/\",\"logo\":{\"@type\":\"ImageObject\",\"inLanguage\":\"de\",\"@id\":\"https:\\\/\\\/www.anne.emmtronics.de\\\/#\\\/schema\\\/logo\\\/image\\\/\",\"url\":\"https:\\\/\\\/www.anne.emmtronics.de\\\/wp-content\\\/uploads\\\/2023\\\/10\\\/cropped-Logoklein.png\",\"contentUrl\":\"https:\\\/\\\/www.anne.emmtronics.de\\\/wp-content\\\/uploads\\\/2023\\\/10\\\/cropped-Logoklein.png\",\"width\":442,\"height\":167,\"caption\":\"Anne Hornemann - Fotografin aus Halle\\\/Saale und Leipzig\"},\"image\":{\"@id\":\"https:\\\/\\\/www.anne.emmtronics.de\\\/#\\\/schema\\\/logo\\\/image\\\/\"}}]}<\/script>\n<!-- \/ Yoast SEO plugin. -->","yoast_head_json":{"title":"Hochzeit - Anne Hornemann - Fotografin aus Halle\/Saale und Leipzig","description":"Authentische Hochzeitsfotografie voller Emotionen, Charme und Stil. Ob farbenfrohe Sommerhochzeit, romantische Regenhochzeit oder intime Feier \u2013 ich halte eure sch\u00f6nsten Momente kreativ und unvergesslich fest. Eure Geschichte, eure Bilder, eure Erinnerungen.","robots":{"index":"index","follow":"follow","max-snippet":"max-snippet:-1","max-image-preview":"max-image-preview:large","max-video-preview":"max-video-preview:-1"},"canonical":"https:\/\/www.anne.emmtronics.de\/?page_id=4332","og_locale":"de_DE","og_type":"article","og_title":"Hochzeit - Anne Hornemann - Fotografin aus Halle\/Saale und Leipzig","og_description":"Authentische Hochzeitsfotografie voller Emotionen, Charme und Stil. Ob farbenfrohe Sommerhochzeit, romantische Regenhochzeit oder intime Feier \u2013 ich halte eure sch\u00f6nsten Momente kreativ und unvergesslich fest. Eure Geschichte, eure Bilder, eure Erinnerungen.","og_url":"https:\/\/www.anne.emmtronics.de\/?page_id=4332","og_site_name":"Anne Hornemann - Fotografin aus Halle\/Saale und Leipzig","article_modified_time":"2025-01-29T00:29:15+00:00","og_image":[{"width":2560,"height":1440,"url":"https:\/\/www.anne.emmtronics.de\/wp-content\/uploads\/2025\/01\/Homepage-@-Anne-Hornemann-8145-scaled.jpg","type":"image\/jpeg"}],"twitter_card":"summary_large_image","twitter_misc":{"Gesch\u00e4tzte Lesezeit":"3\u00a0Minuten"},"schema":{"@context":"https:\/\/schema.org","@graph":[{"@type":"WebPage","@id":"https:\/\/www.anne.emmtronics.de\/?page_id=4332","url":"https:\/\/www.anne.emmtronics.de\/?page_id=4332","name":"Hochzeit - Anne Hornemann - Fotografin aus Halle\/Saale und Leipzig","isPartOf":{"@id":"https:\/\/www.anne.emmtronics.de\/#website"},"primaryImageOfPage":{"@id":"https:\/\/www.anne.emmtronics.de\/?page_id=4332#primaryimage"},"image":{"@id":"https:\/\/www.anne.emmtronics.de\/?page_id=4332#primaryimage"},"thumbnailUrl":"https:\/\/www.anne.emmtronics.de\/wp-content\/uploads\/2025\/01\/Homepage-@-Anne-Hornemann-8145-scaled.jpg","datePublished":"2025-01-06T15:05:27+00:00","dateModified":"2025-01-29T00:29:15+00:00","description":"Authentische Hochzeitsfotografie voller Emotionen, Charme und Stil. Ob farbenfrohe Sommerhochzeit, romantische Regenhochzeit oder intime Feier \u2013 ich halte eure sch\u00f6nsten Momente kreativ und unvergesslich fest. Eure Geschichte, eure Bilder, eure Erinnerungen.","breadcrumb":{"@id":"https:\/\/www.anne.emmtronics.de\/?page_id=4332#breadcrumb"},"inLanguage":"de","potentialAction":[{"@type":"ReadAction","target":["https:\/\/www.anne.emmtronics.de\/?page_id=4332"]}]},{"@type":"ImageObject","inLanguage":"de","@id":"https:\/\/www.anne.emmtronics.de\/?page_id=4332#primaryimage","url":"https:\/\/www.anne.emmtronics.de\/wp-content\/uploads\/2025\/01\/Homepage-@-Anne-Hornemann-8145-scaled.jpg","contentUrl":"https:\/\/www.anne.emmtronics.de\/wp-content\/uploads\/2025\/01\/Homepage-@-Anne-Hornemann-8145-scaled.jpg","width":2560,"height":1440},{"@type":"BreadcrumbList","@id":"https:\/\/www.anne.emmtronics.de\/?page_id=4332#breadcrumb","itemListElement":[{"@type":"ListItem","position":1,"name":"Startseite","item":"https:\/\/www.anne.emmtronics.de\/"},{"@type":"ListItem","position":2,"name":"Hochzeit"}]},{"@type":"WebSite","@id":"https:\/\/www.anne.emmtronics.de\/#website","url":"https:\/\/www.anne.emmtronics.de\/","name":"Anne Hornemann - Fotografin aus Halle\/Saale und Leipzig","description":"moderne Business Portraits + Events, Musikershootings + Konzertfotografie, farbenfrohe Hochzeiten, Familien Reportagen, therapeutische Fotografie","publisher":{"@id":"https:\/\/www.anne.emmtronics.de\/#organization"},"potentialAction":[{"@type":"SearchAction","target":{"@type":"EntryPoint","urlTemplate":"https:\/\/www.anne.emmtronics.de\/?s={search_term_string}"},"query-input":{"@type":"PropertyValueSpecification","valueRequired":true,"valueName":"search_term_string"}}],"inLanguage":"de"},{"@type":"Organization","@id":"https:\/\/www.anne.emmtronics.de\/#organization","name":"Anne Hornemann - Fotografin aus Halle\/Saale und Leipzig","url":"https:\/\/www.anne.emmtronics.de\/","logo":{"@type":"ImageObject","inLanguage":"de","@id":"https:\/\/www.anne.emmtronics.de\/#\/schema\/logo\/image\/","url":"https:\/\/www.anne.emmtronics.de\/wp-content\/uploads\/2023\/10\/cropped-Logoklein.png","contentUrl":"https:\/\/www.anne.emmtronics.de\/wp-content\/uploads\/2023\/10\/cropped-Logoklein.png","width":442,"height":167,"caption":"Anne Hornemann - Fotografin aus Halle\/Saale und Leipzig"},"image":{"@id":"https:\/\/www.anne.emmtronics.de\/#\/schema\/logo\/image\/"}}]}},"_links":{"self":[{"href":"https:\/\/www.anne.emmtronics.de\/index.php?rest_route=\/wp\/v2\/pages\/4332","targetHints":{"allow":["GET"]}}],"collection":[{"href":"https:\/\/www.anne.emmtronics.de\/index.php?rest_route=\/wp\/v2\/pages"}],"about":[{"href":"https:\/\/www.anne.emmtronics.de\/index.php?rest_route=\/wp\/v2\/types\/page"}],"author":[{"embeddable":true,"href":"https:\/\/www.anne.emmtronics.de\/index.php?rest_route=\/wp\/v2\/users\/1"}],"replies":[{"embeddable":true,"href":"https:\/\/www.anne.emmtronics.de\/index.php?rest_route=%2Fwp%2Fv2%2Fcomments&post=4332"}],"version-history":[{"count":35,"href":"https:\/\/www.anne.emmtronics.de\/index.php?rest_route=\/wp\/v2\/pages\/4332\/revisions"}],"predecessor-version":[{"id":4746,"href":"https:\/\/www.anne.emmtronics.de\/index.php?rest_route=\/wp\/v2\/pages\/4332\/revisions\/4746"}],"wp:featuredmedia":[{"embeddable":true,"href":"https:\/\/www.anne.emmtronics.de\/index.php?rest_route=\/wp\/v2\/media\/4637"}],"wp:attachment":[{"href":"https:\/\/www.anne.emmtronics.de\/index.php?rest_route=%2Fwp%2Fv2%2Fmedia&parent=4332"}],"curies":[{"name":"wp","href":"https:\/\/api.w.org\/{rel}","templated":true}]}}