{"id":4333,"date":"2025-01-06T15:05:27","date_gmt":"2025-01-06T15:05:27","guid":{"rendered":"https:\/\/www.anne.emmtronics.de\/?page_id=4333"},"modified":"2025-02-09T14:31:32","modified_gmt":"2025-02-09T14:31:32","slug":"family","status":"publish","type":"page","link":"https:\/\/www.anne.emmtronics.de\/?page_id=4333","title":{"rendered":"Familie"},"content":{"rendered":"\t\t<div data-elementor-type=\"wp-page\" data-elementor-id=\"4333\" class=\"elementor elementor-4333\" data-elementor-post-type=\"page\">\n\t\t\t\t<div class=\"elementor-element elementor-element-5549922 e-flex e-con-boxed e-con e-parent\" data-id=\"5549922\" data-element_type=\"container\" data-e-type=\"container\">\n\t\t\t\t\t<div class=\"e-con-inner\">\n\t\t\t\t<div class=\"elementor-element elementor-element-ee2d575 elementor-widget elementor-widget-text-editor\" data-id=\"ee2d575\" data-element_type=\"widget\" data-e-type=\"widget\" data-widget_type=\"text-editor.default\">\n\t\t\t\t<div class=\"elementor-widget-container\">\n\t\t\t\t\t\t\t\t\t<h3><strong>Familienfotografie \u2013 Eure Geschichte in Bildern. Echt. Unverg\u00e4nglich.<\/strong><\/h3><p>Familie ist ein Gef\u00fchl. Sie ist Lachen am Fr\u00fchst\u00fcckstisch, zarte H\u00e4nde, die nach den euren greifen, innige Umarmungen und dieser eine Blick, der mehr sagt als tausend Worte. Es sind all die kleinen und gro\u00dfen Momente, die das Leben kostbar machen \u2013 und genau diese halte ich f\u00fcr euch fest.<\/p><p>Von der Vorfreude auf neues Leben w\u00e4hrend der <strong>Schwangerschaft<\/strong>, \u00fcber die erste magische Zeit mit eurem <strong>Neugeborenen<\/strong>, bis hin zu lebendigen <strong>Familienshootings<\/strong> und liebevollen <strong>Generationenportr\u00e4ts<\/strong> \u2013 jedes Bild erz\u00e4hlt eure Geschichte. Viele meiner Familien kehren Jahr f\u00fcr Jahr zur\u00fcck, machen ihr Shooting zu einem Ritual, einem Geschenk an sich selbst. Denn Erinnerungen verblassen, aber Fotografien bewahren das Gef\u00fchl f\u00fcr immer.<\/p><p><strong>Euer Shooting \u2013 so individuell wie ihr<\/strong><\/p><ul><li><strong>Im Atelier in Halle (Saale)<\/strong> \u2013 zeitlos, stilvoll, mit perfektem Licht f\u00fcr authentische Portr\u00e4ts.<\/li><li><strong>Als Home-Story bei euch zu Hause<\/strong> \u2013 nat\u00fcrlich, vertraut und voller echter Emotionen.<\/li><li><strong>Unter freiem Himmel<\/strong> \u2013 ob im satten Gr\u00fcn oder urbanen Flair, f\u00fcr Bilder voller Lebendigkeit.<\/li><\/ul><h3>Ich liebe es, die Kinder kindlich sein zu lassen.<\/h3><p>5-Minuten-Austick-Phasen sind willkommen. Sie d\u00fcrfen bei mir bockig sein, herumtollen, Grimassen schneiden, Geheimnisse erz\u00e4hlen, Kekse knuspern, kuscheln, lachen und weinen. Fern ab vom \u201eperfekten Familienbild\u201c. So wird es\u00a0<strong>euer ganz pers\u00f6nliches Familienerlebnis<\/strong>\u00a0\u2013 lasst euch darauf ein.<\/p><p>Ein Shooting mit mir ist ein Erlebnis f\u00fcr die ganze Familie. Ihr werdet lachen, spielen, euch selbst wiedererkennen. Und am Ende? Verlassen wir das Shooting mit einem L\u00e4cheln \u2013 auf den Lippen und im Herzen.<\/p><p><strong>Lasst uns gemeinsam eure sch\u00f6nsten Momente bewahren. Ich freue mich auf euch!<\/strong><\/p>\t\t\t\t\t\t\t\t<\/div>\n\t\t\t\t<\/div>\n\t\t\t\t\t<\/div>\n\t\t\t\t<\/div>\n\t\t\t\t<\/div>\n\t\t","protected":false},"excerpt":{"rendered":"<p>Familienfotografie \u2013 Eure Geschichte in Bildern. Echt. Unverg\u00e4nglich. Familie ist ein Gef\u00fchl. Sie ist Lachen am Fr\u00fchst\u00fcckstisch, zarte H\u00e4nde, die nach den euren greifen, innige Umarmungen und dieser eine Blick, der mehr sagt als tausend Worte. Es sind all die kleinen und gro\u00dfen Momente, die das Leben kostbar machen \u2013 und genau diese halte ich &hellip; <\/p>\n<p class=\"link-more\"><a href=\"https:\/\/www.anne.emmtronics.de\/?page_id=4333\" class=\"more-link\">Mehr <span class=\"screen-reader-text\">\u00fcber &#8222;Familie&#8220; <\/span>Lesen<\/a><\/p>\n","protected":false},"author":1,"featured_media":4638,"parent":0,"menu_order":0,"comment_status":"closed","ping_status":"closed","template":"","meta":{"inline_featured_image":false,"inspiro_hide_title":false,"footnotes":""},"class_list":["post-4333","page","type-page","status-publish","has-post-thumbnail","hentry"],"yoast_head":"<!-- This site is optimized with the Yoast SEO plugin v27.5 - https:\/\/yoast.com\/product\/yoast-seo-wordpress\/ -->\n<title>Familie - Anne Hornemann - Fotografin aus Halle\/Saale und Leipzig<\/title>\n<meta name=\"robots\" content=\"index, follow, max-snippet:-1, max-image-preview:large, max-video-preview:-1\" \/>\n<link rel=\"canonical\" href=\"https:\/\/www.anne.emmtronics.de\/?page_id=4333\" \/>\n<meta property=\"og:locale\" content=\"de_DE\" \/>\n<meta property=\"og:type\" content=\"article\" \/>\n<meta property=\"og:title\" content=\"Familie - Anne Hornemann - Fotografin aus Halle\/Saale und Leipzig\" \/>\n<meta property=\"og:description\" content=\"Familienfotografie \u2013 Eure Geschichte in Bildern. Echt. Unverg\u00e4nglich. Familie ist ein Gef\u00fchl. Sie ist Lachen am Fr\u00fchst\u00fcckstisch, zarte H\u00e4nde, die nach den euren greifen, innige Umarmungen und dieser eine Blick, der mehr sagt als tausend Worte. Es sind all die kleinen und gro\u00dfen Momente, die das Leben kostbar machen \u2013 und genau diese halte ich &hellip; Mehr \u00fcber &quot;Familie&quot; Lesen\" \/>\n<meta property=\"og:url\" content=\"https:\/\/www.anne.emmtronics.de\/?page_id=4333\" \/>\n<meta property=\"og:site_name\" content=\"Anne Hornemann - Fotografin aus Halle\/Saale und Leipzig\" \/>\n<meta property=\"article:modified_time\" content=\"2025-02-09T14:31:32+00:00\" \/>\n<meta property=\"og:image\" content=\"https:\/\/www.anne.emmtronics.de\/wp-content\/uploads\/2025\/01\/Kittners-2024-@-Anne-Hornemann-1560-scaled.jpg\" \/>\n\t<meta property=\"og:image:width\" content=\"2560\" \/>\n\t<meta property=\"og:image:height\" content=\"1707\" \/>\n\t<meta property=\"og:image:type\" content=\"image\/jpeg\" \/>\n<meta name=\"twitter:card\" content=\"summary_large_image\" \/>\n<meta name=\"twitter:label1\" content=\"Gesch\u00e4tzte Lesezeit\" \/>\n\t<meta name=\"twitter:data1\" content=\"2\u00a0Minuten\" \/>\n<script type=\"application\/ld+json\" class=\"yoast-schema-graph\">{\"@context\":\"https:\\\/\\\/schema.org\",\"@graph\":[{\"@type\":\"WebPage\",\"@id\":\"https:\\\/\\\/www.anne.emmtronics.de\\\/?page_id=4333\",\"url\":\"https:\\\/\\\/www.anne.emmtronics.de\\\/?page_id=4333\",\"name\":\"Familie - Anne Hornemann - Fotografin aus Halle\\\/Saale und Leipzig\",\"isPartOf\":{\"@id\":\"https:\\\/\\\/www.anne.emmtronics.de\\\/#website\"},\"primaryImageOfPage\":{\"@id\":\"https:\\\/\\\/www.anne.emmtronics.de\\\/?page_id=4333#primaryimage\"},\"image\":{\"@id\":\"https:\\\/\\\/www.anne.emmtronics.de\\\/?page_id=4333#primaryimage\"},\"thumbnailUrl\":\"https:\\\/\\\/www.anne.emmtronics.de\\\/wp-content\\\/uploads\\\/2025\\\/01\\\/Kittners-2024-@-Anne-Hornemann-1560-scaled.jpg\",\"datePublished\":\"2025-01-06T15:05:27+00:00\",\"dateModified\":\"2025-02-09T14:31:32+00:00\",\"breadcrumb\":{\"@id\":\"https:\\\/\\\/www.anne.emmtronics.de\\\/?page_id=4333#breadcrumb\"},\"inLanguage\":\"de\",\"potentialAction\":[{\"@type\":\"ReadAction\",\"target\":[\"https:\\\/\\\/www.anne.emmtronics.de\\\/?page_id=4333\"]}]},{\"@type\":\"ImageObject\",\"inLanguage\":\"de\",\"@id\":\"https:\\\/\\\/www.anne.emmtronics.de\\\/?page_id=4333#primaryimage\",\"url\":\"https:\\\/\\\/www.anne.emmtronics.de\\\/wp-content\\\/uploads\\\/2025\\\/01\\\/Kittners-2024-@-Anne-Hornemann-1560-scaled.jpg\",\"contentUrl\":\"https:\\\/\\\/www.anne.emmtronics.de\\\/wp-content\\\/uploads\\\/2025\\\/01\\\/Kittners-2024-@-Anne-Hornemann-1560-scaled.jpg\",\"width\":2560,\"height\":1707},{\"@type\":\"BreadcrumbList\",\"@id\":\"https:\\\/\\\/www.anne.emmtronics.de\\\/?page_id=4333#breadcrumb\",\"itemListElement\":[{\"@type\":\"ListItem\",\"position\":1,\"name\":\"Startseite\",\"item\":\"https:\\\/\\\/www.anne.emmtronics.de\\\/\"},{\"@type\":\"ListItem\",\"position\":2,\"name\":\"Familie\"}]},{\"@type\":\"WebSite\",\"@id\":\"https:\\\/\\\/www.anne.emmtronics.de\\\/#website\",\"url\":\"https:\\\/\\\/www.anne.emmtronics.de\\\/\",\"name\":\"Anne Hornemann - Fotografin aus Halle\\\/Saale und Leipzig\",\"description\":\"moderne Business Portraits + Events, Musikershootings + Konzertfotografie, farbenfrohe Hochzeiten, Familien Reportagen, therapeutische Fotografie\",\"publisher\":{\"@id\":\"https:\\\/\\\/www.anne.emmtronics.de\\\/#organization\"},\"potentialAction\":[{\"@type\":\"SearchAction\",\"target\":{\"@type\":\"EntryPoint\",\"urlTemplate\":\"https:\\\/\\\/www.anne.emmtronics.de\\\/?s={search_term_string}\"},\"query-input\":{\"@type\":\"PropertyValueSpecification\",\"valueRequired\":true,\"valueName\":\"search_term_string\"}}],\"inLanguage\":\"de\"},{\"@type\":\"Organization\",\"@id\":\"https:\\\/\\\/www.anne.emmtronics.de\\\/#organization\",\"name\":\"Anne Hornemann - Fotografin aus Halle\\\/Saale und Leipzig\",\"url\":\"https:\\\/\\\/www.anne.emmtronics.de\\\/\",\"logo\":{\"@type\":\"ImageObject\",\"inLanguage\":\"de\",\"@id\":\"https:\\\/\\\/www.anne.emmtronics.de\\\/#\\\/schema\\\/logo\\\/image\\\/\",\"url\":\"https:\\\/\\\/www.anne.emmtronics.de\\\/wp-content\\\/uploads\\\/2023\\\/10\\\/cropped-Logoklein.png\",\"contentUrl\":\"https:\\\/\\\/www.anne.emmtronics.de\\\/wp-content\\\/uploads\\\/2023\\\/10\\\/cropped-Logoklein.png\",\"width\":442,\"height\":167,\"caption\":\"Anne Hornemann - Fotografin aus Halle\\\/Saale und Leipzig\"},\"image\":{\"@id\":\"https:\\\/\\\/www.anne.emmtronics.de\\\/#\\\/schema\\\/logo\\\/image\\\/\"}}]}<\/script>\n<!-- \/ Yoast SEO plugin. -->","yoast_head_json":{"title":"Familie - Anne Hornemann - Fotografin aus Halle\/Saale und Leipzig","robots":{"index":"index","follow":"follow","max-snippet":"max-snippet:-1","max-image-preview":"max-image-preview:large","max-video-preview":"max-video-preview:-1"},"canonical":"https:\/\/www.anne.emmtronics.de\/?page_id=4333","og_locale":"de_DE","og_type":"article","og_title":"Familie - Anne Hornemann - Fotografin aus Halle\/Saale und Leipzig","og_description":"Familienfotografie \u2013 Eure Geschichte in Bildern. Echt. Unverg\u00e4nglich. Familie ist ein Gef\u00fchl. Sie ist Lachen am Fr\u00fchst\u00fcckstisch, zarte H\u00e4nde, die nach den euren greifen, innige Umarmungen und dieser eine Blick, der mehr sagt als tausend Worte. Es sind all die kleinen und gro\u00dfen Momente, die das Leben kostbar machen \u2013 und genau diese halte ich &hellip; Mehr \u00fcber \"Familie\" Lesen","og_url":"https:\/\/www.anne.emmtronics.de\/?page_id=4333","og_site_name":"Anne Hornemann - Fotografin aus Halle\/Saale und Leipzig","article_modified_time":"2025-02-09T14:31:32+00:00","og_image":[{"width":2560,"height":1707,"url":"https:\/\/www.anne.emmtronics.de\/wp-content\/uploads\/2025\/01\/Kittners-2024-@-Anne-Hornemann-1560-scaled.jpg","type":"image\/jpeg"}],"twitter_card":"summary_large_image","twitter_misc":{"Gesch\u00e4tzte Lesezeit":"2\u00a0Minuten"},"schema":{"@context":"https:\/\/schema.org","@graph":[{"@type":"WebPage","@id":"https:\/\/www.anne.emmtronics.de\/?page_id=4333","url":"https:\/\/www.anne.emmtronics.de\/?page_id=4333","name":"Familie - Anne Hornemann - Fotografin aus Halle\/Saale und Leipzig","isPartOf":{"@id":"https:\/\/www.anne.emmtronics.de\/#website"},"primaryImageOfPage":{"@id":"https:\/\/www.anne.emmtronics.de\/?page_id=4333#primaryimage"},"image":{"@id":"https:\/\/www.anne.emmtronics.de\/?page_id=4333#primaryimage"},"thumbnailUrl":"https:\/\/www.anne.emmtronics.de\/wp-content\/uploads\/2025\/01\/Kittners-2024-@-Anne-Hornemann-1560-scaled.jpg","datePublished":"2025-01-06T15:05:27+00:00","dateModified":"2025-02-09T14:31:32+00:00","breadcrumb":{"@id":"https:\/\/www.anne.emmtronics.de\/?page_id=4333#breadcrumb"},"inLanguage":"de","potentialAction":[{"@type":"ReadAction","target":["https:\/\/www.anne.emmtronics.de\/?page_id=4333"]}]},{"@type":"ImageObject","inLanguage":"de","@id":"https:\/\/www.anne.emmtronics.de\/?page_id=4333#primaryimage","url":"https:\/\/www.anne.emmtronics.de\/wp-content\/uploads\/2025\/01\/Kittners-2024-@-Anne-Hornemann-1560-scaled.jpg","contentUrl":"https:\/\/www.anne.emmtronics.de\/wp-content\/uploads\/2025\/01\/Kittners-2024-@-Anne-Hornemann-1560-scaled.jpg","width":2560,"height":1707},{"@type":"BreadcrumbList","@id":"https:\/\/www.anne.emmtronics.de\/?page_id=4333#breadcrumb","itemListElement":[{"@type":"ListItem","position":1,"name":"Startseite","item":"https:\/\/www.anne.emmtronics.de\/"},{"@type":"ListItem","position":2,"name":"Familie"}]},{"@type":"WebSite","@id":"https:\/\/www.anne.emmtronics.de\/#website","url":"https:\/\/www.anne.emmtronics.de\/","name":"Anne Hornemann - Fotografin aus Halle\/Saale und Leipzig","description":"moderne Business Portraits + Events, Musikershootings + Konzertfotografie, farbenfrohe Hochzeiten, Familien Reportagen, therapeutische Fotografie","publisher":{"@id":"https:\/\/www.anne.emmtronics.de\/#organization"},"potentialAction":[{"@type":"SearchAction","target":{"@type":"EntryPoint","urlTemplate":"https:\/\/www.anne.emmtronics.de\/?s={search_term_string}"},"query-input":{"@type":"PropertyValueSpecification","valueRequired":true,"valueName":"search_term_string"}}],"inLanguage":"de"},{"@type":"Organization","@id":"https:\/\/www.anne.emmtronics.de\/#organization","name":"Anne Hornemann - Fotografin aus Halle\/Saale und Leipzig","url":"https:\/\/www.anne.emmtronics.de\/","logo":{"@type":"ImageObject","inLanguage":"de","@id":"https:\/\/www.anne.emmtronics.de\/#\/schema\/logo\/image\/","url":"https:\/\/www.anne.emmtronics.de\/wp-content\/uploads\/2023\/10\/cropped-Logoklein.png","contentUrl":"https:\/\/www.anne.emmtronics.de\/wp-content\/uploads\/2023\/10\/cropped-Logoklein.png","width":442,"height":167,"caption":"Anne Hornemann - Fotografin aus Halle\/Saale und Leipzig"},"image":{"@id":"https:\/\/www.anne.emmtronics.de\/#\/schema\/logo\/image\/"}}]}},"_links":{"self":[{"href":"https:\/\/www.anne.emmtronics.de\/index.php?rest_route=\/wp\/v2\/pages\/4333","targetHints":{"allow":["GET"]}}],"collection":[{"href":"https:\/\/www.anne.emmtronics.de\/index.php?rest_route=\/wp\/v2\/pages"}],"about":[{"href":"https:\/\/www.anne.emmtronics.de\/index.php?rest_route=\/wp\/v2\/types\/page"}],"author":[{"embeddable":true,"href":"https:\/\/www.anne.emmtronics.de\/index.php?rest_route=\/wp\/v2\/users\/1"}],"replies":[{"embeddable":true,"href":"https:\/\/www.anne.emmtronics.de\/index.php?rest_route=%2Fwp%2Fv2%2Fcomments&post=4333"}],"version-history":[{"count":15,"href":"https:\/\/www.anne.emmtronics.de\/index.php?rest_route=\/wp\/v2\/pages\/4333\/revisions"}],"predecessor-version":[{"id":4827,"href":"https:\/\/www.anne.emmtronics.de\/index.php?rest_route=\/wp\/v2\/pages\/4333\/revisions\/4827"}],"wp:featuredmedia":[{"embeddable":true,"href":"https:\/\/www.anne.emmtronics.de\/index.php?rest_route=\/wp\/v2\/media\/4638"}],"wp:attachment":[{"href":"https:\/\/www.anne.emmtronics.de\/index.php?rest_route=%2Fwp%2Fv2%2Fmedia&parent=4333"}],"curies":[{"name":"wp","href":"https:\/\/api.w.org\/{rel}","templated":true}]}}