{"id":4356,"date":"2025-01-25T15:10:06","date_gmt":"2025-01-25T15:10:06","guid":{"rendered":"https:\/\/www.anne.emmtronics.de\/?page_id=4356"},"modified":"2025-02-08T23:39:53","modified_gmt":"2025-02-08T23:39:53","slug":"work-with-me","status":"publish","type":"page","link":"https:\/\/www.anne.emmtronics.de\/?page_id=4356","title":{"rendered":"Begleitung &#8211; Therapeutische Fotografie &amp; Beratung"},"content":{"rendered":"\t\t<div data-elementor-type=\"wp-page\" data-elementor-id=\"4356\" class=\"elementor elementor-4356\" data-elementor-post-type=\"page\">\n\t\t\t\t<div class=\"elementor-element elementor-element-d0efe9d e-flex e-con-boxed e-con e-parent\" data-id=\"d0efe9d\" data-element_type=\"container\" data-e-type=\"container\">\n\t\t\t\t\t<div class=\"e-con-inner\">\n\t\t\t\t<div class=\"elementor-element elementor-element-633daff elementor-widget elementor-widget-text-editor\" data-id=\"633daff\" data-element_type=\"widget\" data-e-type=\"widget\" data-widget_type=\"text-editor.default\">\n\t\t\t\t<div class=\"elementor-widget-container\">\n\t\t\t\t\t\t\t\t\t<h3><strong>Work with Me \u2013 Therapeutische Fotografie<\/strong><\/h3><p>Therapeutische Fotografie verbindet <strong>kreative Inszenierung<\/strong> mit i<strong>nnerer Reflexion<\/strong>.<\/p><p>Sie schafft Raum, um pers\u00f6nliche Geschichten, Emotionen und Lebensphasen sichtbar zu machen. Ob Narben als Zeichen von einer pr\u00e4genden Lebensgeschichte, eine neue Ann\u00e4herung an den Begriff &#8222;Sch\u00f6nheit&#8220;, das Entdecken des eigenen Selbstbildes oder der Umgang mit Umbr\u00fcchen in Familie und Partnerschaft \u2013 jedes Angebot nutzt die <strong>Kraft der Fotografie<\/strong>, um innere Prozesse zu verstehen und zu w\u00fcrdigen.<\/p><p>Hier stehen nicht Perfektion oder klassische Therapie im Mittelpunkt, sondern die Tiefe, \u00c4sthetik und Authentizit\u00e4t, die in jedem Menschen schlummern. Gemeinsam entstehen Bilder, die mehr sagen, als Worte je k\u00f6nnten \u2013 kraftvoll, ber\u00fchrend und prozessreich.<\/p><p>Weitere Informationen unter &#8222;therapeutische Fotografie&#8220; (Button):<\/p>\t\t\t\t\t\t\t\t<\/div>\n\t\t\t\t<\/div>\n\t\t\t\t<div class=\"elementor-element elementor-element-9c719a5 elementor-align-center elementor-widget elementor-widget-button\" data-id=\"9c719a5\" data-element_type=\"widget\" data-e-type=\"widget\" data-widget_type=\"button.default\">\n\t\t\t\t<div class=\"elementor-widget-container\">\n\t\t\t\t\t\t\t\t\t<div class=\"elementor-button-wrapper\">\n\t\t\t\t\t<a class=\"elementor-button elementor-button-link elementor-size-sm\" href=\"https:\/\/www.anne.emmtronics.de\/?page_id=4354\">\n\t\t\t\t\t\t<span class=\"elementor-button-content-wrapper\">\n\t\t\t\t\t\t\t\t\t<span class=\"elementor-button-text\">therapeutische Fotografie<\/span>\n\t\t\t\t\t<\/span>\n\t\t\t\t\t<\/a>\n\t\t\t\t<\/div>\n\t\t\t\t\t\t\t\t<\/div>\n\t\t\t\t<\/div>\n\t\t\t\t<div class=\"elementor-element elementor-element-7eede10 elementor-align-center elementor-widget elementor-widget-button\" data-id=\"7eede10\" data-element_type=\"widget\" data-e-type=\"widget\" data-widget_type=\"button.default\">\n\t\t\t\t<div class=\"elementor-widget-container\">\n\t\t\t\t\t\t\t\t\t<div class=\"elementor-button-wrapper\">\n\t\t\t\t\t<a class=\"elementor-button elementor-button-link elementor-size-sm\" href=\"https:\/\/www.anne.emmtronics.de\/?page_id=4514\">\n\t\t\t\t\t\t<span class=\"elementor-button-content-wrapper\">\n\t\t\t\t\t\t\t\t\t<span class=\"elementor-button-text\">Beratung und Preise<\/span>\n\t\t\t\t\t<\/span>\n\t\t\t\t\t<\/a>\n\t\t\t\t<\/div>\n\t\t\t\t\t\t\t\t<\/div>\n\t\t\t\t<\/div>\n\t\t\t\t\t<\/div>\n\t\t\t\t<\/div>\n\t\t<div class=\"elementor-element elementor-element-29a3a07 e-flex e-con-boxed e-con e-parent\" data-id=\"29a3a07\" data-element_type=\"container\" data-e-type=\"container\">\n\t\t\t\t\t<div class=\"e-con-inner\">\n\t\t\t\t<div class=\"elementor-element elementor-element-500ff0e elementor-widget elementor-widget-spacer\" data-id=\"500ff0e\" data-element_type=\"widget\" data-e-type=\"widget\" data-widget_type=\"spacer.default\">\n\t\t\t\t<div class=\"elementor-widget-container\">\n\t\t\t\t\t\t\t<div class=\"elementor-spacer\">\n\t\t\t<div class=\"elementor-spacer-inner\"><\/div>\n\t\t<\/div>\n\t\t\t\t\t\t<\/div>\n\t\t\t\t<\/div>\n\t\t\t\t<div class=\"elementor-element elementor-element-73b3c49 elementor-widget elementor-widget-spacer\" data-id=\"73b3c49\" data-element_type=\"widget\" data-e-type=\"widget\" data-widget_type=\"spacer.default\">\n\t\t\t\t<div class=\"elementor-widget-container\">\n\t\t\t\t\t\t\t<div class=\"elementor-spacer\">\n\t\t\t<div class=\"elementor-spacer-inner\"><\/div>\n\t\t<\/div>\n\t\t\t\t\t\t<\/div>\n\t\t\t\t<\/div>\n\t\t\t\t\t<\/div>\n\t\t\t\t<\/div>\n\t\t\t\t<\/div>\n\t\t","protected":false},"excerpt":{"rendered":"<p>Work with Me \u2013 Therapeutische Fotografie Therapeutische Fotografie verbindet kreative Inszenierung mit innerer Reflexion. Sie schafft Raum, um pers\u00f6nliche Geschichten, Emotionen und Lebensphasen sichtbar zu machen. Ob Narben als Zeichen von einer pr\u00e4genden Lebensgeschichte, eine neue Ann\u00e4herung an den Begriff &#8222;Sch\u00f6nheit&#8220;, das Entdecken des eigenen Selbstbildes oder der Umgang mit Umbr\u00fcchen in Familie und Partnerschaft &hellip; <\/p>\n<p class=\"link-more\"><a href=\"https:\/\/www.anne.emmtronics.de\/?page_id=4356\" class=\"more-link\">Mehr <span class=\"screen-reader-text\">\u00fcber &#8222;Begleitung &#8211; Therapeutische Fotografie &amp; Beratung&#8220; <\/span>Lesen<\/a><\/p>\n","protected":false},"author":1,"featured_media":4405,"parent":0,"menu_order":0,"comment_status":"closed","ping_status":"closed","template":"","meta":{"inline_featured_image":false,"inspiro_hide_title":false,"footnotes":""},"class_list":["post-4356","page","type-page","status-publish","has-post-thumbnail","hentry"],"yoast_head":"<!-- This site is optimized with the Yoast SEO plugin v27.5 - https:\/\/yoast.com\/product\/yoast-seo-wordpress\/ -->\n<title>Begleitung - Therapeutische Fotografie &amp; Beratung - Anne Hornemann - Fotografin aus Halle\/Saale und Leipzig<\/title>\n<meta name=\"robots\" content=\"index, follow, max-snippet:-1, max-image-preview:large, max-video-preview:-1\" \/>\n<link rel=\"canonical\" href=\"https:\/\/www.anne.emmtronics.de\/?page_id=4356\" \/>\n<meta property=\"og:locale\" content=\"de_DE\" \/>\n<meta property=\"og:type\" content=\"article\" \/>\n<meta property=\"og:title\" content=\"Begleitung - Therapeutische Fotografie &amp; Beratung - Anne Hornemann - Fotografin aus Halle\/Saale und Leipzig\" \/>\n<meta property=\"og:description\" content=\"Work with Me \u2013 Therapeutische Fotografie Therapeutische Fotografie verbindet kreative Inszenierung mit innerer Reflexion. Sie schafft Raum, um pers\u00f6nliche Geschichten, Emotionen und Lebensphasen sichtbar zu machen. Ob Narben als Zeichen von einer pr\u00e4genden Lebensgeschichte, eine neue Ann\u00e4herung an den Begriff &#8222;Sch\u00f6nheit&#8220;, das Entdecken des eigenen Selbstbildes oder der Umgang mit Umbr\u00fcchen in Familie und Partnerschaft &hellip; Mehr \u00fcber &quot;Begleitung &#8211; Therapeutische Fotografie &amp; Beratung&quot; Lesen\" \/>\n<meta property=\"og:url\" content=\"https:\/\/www.anne.emmtronics.de\/?page_id=4356\" \/>\n<meta property=\"og:site_name\" content=\"Anne Hornemann - Fotografin aus Halle\/Saale und Leipzig\" \/>\n<meta property=\"article:modified_time\" content=\"2025-02-08T23:39:53+00:00\" \/>\n<meta property=\"og:image\" content=\"https:\/\/www.anne.emmtronics.de\/wp-content\/uploads\/2025\/01\/Anne-Schallausky-@-Anne-Hornemann-3259-scaled.jpg\" \/>\n\t<meta property=\"og:image:width\" content=\"2560\" \/>\n\t<meta property=\"og:image:height\" content=\"1707\" \/>\n\t<meta property=\"og:image:type\" content=\"image\/jpeg\" \/>\n<meta name=\"twitter:card\" content=\"summary_large_image\" \/>\n<meta name=\"twitter:label1\" content=\"Gesch\u00e4tzte Lesezeit\" \/>\n\t<meta name=\"twitter:data1\" content=\"1\u00a0Minute\" \/>\n<script type=\"application\/ld+json\" class=\"yoast-schema-graph\">{\"@context\":\"https:\\\/\\\/schema.org\",\"@graph\":[{\"@type\":\"WebPage\",\"@id\":\"https:\\\/\\\/www.anne.emmtronics.de\\\/?page_id=4356\",\"url\":\"https:\\\/\\\/www.anne.emmtronics.de\\\/?page_id=4356\",\"name\":\"Begleitung - Therapeutische Fotografie &amp; Beratung - Anne Hornemann - Fotografin aus Halle\\\/Saale und Leipzig\",\"isPartOf\":{\"@id\":\"https:\\\/\\\/www.anne.emmtronics.de\\\/#website\"},\"primaryImageOfPage\":{\"@id\":\"https:\\\/\\\/www.anne.emmtronics.de\\\/?page_id=4356#primaryimage\"},\"image\":{\"@id\":\"https:\\\/\\\/www.anne.emmtronics.de\\\/?page_id=4356#primaryimage\"},\"thumbnailUrl\":\"https:\\\/\\\/www.anne.emmtronics.de\\\/wp-content\\\/uploads\\\/2025\\\/01\\\/Anne-Schallausky-@-Anne-Hornemann-3259-scaled.jpg\",\"datePublished\":\"2025-01-25T15:10:06+00:00\",\"dateModified\":\"2025-02-08T23:39:53+00:00\",\"breadcrumb\":{\"@id\":\"https:\\\/\\\/www.anne.emmtronics.de\\\/?page_id=4356#breadcrumb\"},\"inLanguage\":\"de\",\"potentialAction\":[{\"@type\":\"ReadAction\",\"target\":[\"https:\\\/\\\/www.anne.emmtronics.de\\\/?page_id=4356\"]}]},{\"@type\":\"ImageObject\",\"inLanguage\":\"de\",\"@id\":\"https:\\\/\\\/www.anne.emmtronics.de\\\/?page_id=4356#primaryimage\",\"url\":\"https:\\\/\\\/www.anne.emmtronics.de\\\/wp-content\\\/uploads\\\/2025\\\/01\\\/Anne-Schallausky-@-Anne-Hornemann-3259-scaled.jpg\",\"contentUrl\":\"https:\\\/\\\/www.anne.emmtronics.de\\\/wp-content\\\/uploads\\\/2025\\\/01\\\/Anne-Schallausky-@-Anne-Hornemann-3259-scaled.jpg\",\"width\":2560,\"height\":1707},{\"@type\":\"BreadcrumbList\",\"@id\":\"https:\\\/\\\/www.anne.emmtronics.de\\\/?page_id=4356#breadcrumb\",\"itemListElement\":[{\"@type\":\"ListItem\",\"position\":1,\"name\":\"Startseite\",\"item\":\"https:\\\/\\\/www.anne.emmtronics.de\\\/\"},{\"@type\":\"ListItem\",\"position\":2,\"name\":\"Begleitung &#8211; Therapeutische Fotografie &amp; Beratung\"}]},{\"@type\":\"WebSite\",\"@id\":\"https:\\\/\\\/www.anne.emmtronics.de\\\/#website\",\"url\":\"https:\\\/\\\/www.anne.emmtronics.de\\\/\",\"name\":\"Anne Hornemann - Fotografin aus Halle\\\/Saale und Leipzig\",\"description\":\"moderne Business Portraits + Events, Musikershootings + Konzertfotografie, farbenfrohe Hochzeiten, Familien Reportagen, therapeutische Fotografie\",\"publisher\":{\"@id\":\"https:\\\/\\\/www.anne.emmtronics.de\\\/#organization\"},\"potentialAction\":[{\"@type\":\"SearchAction\",\"target\":{\"@type\":\"EntryPoint\",\"urlTemplate\":\"https:\\\/\\\/www.anne.emmtronics.de\\\/?s={search_term_string}\"},\"query-input\":{\"@type\":\"PropertyValueSpecification\",\"valueRequired\":true,\"valueName\":\"search_term_string\"}}],\"inLanguage\":\"de\"},{\"@type\":\"Organization\",\"@id\":\"https:\\\/\\\/www.anne.emmtronics.de\\\/#organization\",\"name\":\"Anne Hornemann - Fotografin aus Halle\\\/Saale und Leipzig\",\"url\":\"https:\\\/\\\/www.anne.emmtronics.de\\\/\",\"logo\":{\"@type\":\"ImageObject\",\"inLanguage\":\"de\",\"@id\":\"https:\\\/\\\/www.anne.emmtronics.de\\\/#\\\/schema\\\/logo\\\/image\\\/\",\"url\":\"https:\\\/\\\/www.anne.emmtronics.de\\\/wp-content\\\/uploads\\\/2023\\\/10\\\/cropped-Logoklein.png\",\"contentUrl\":\"https:\\\/\\\/www.anne.emmtronics.de\\\/wp-content\\\/uploads\\\/2023\\\/10\\\/cropped-Logoklein.png\",\"width\":442,\"height\":167,\"caption\":\"Anne Hornemann - Fotografin aus Halle\\\/Saale und Leipzig\"},\"image\":{\"@id\":\"https:\\\/\\\/www.anne.emmtronics.de\\\/#\\\/schema\\\/logo\\\/image\\\/\"}}]}<\/script>\n<!-- \/ Yoast SEO plugin. -->","yoast_head_json":{"title":"Begleitung - Therapeutische Fotografie &amp; Beratung - Anne Hornemann - Fotografin aus Halle\/Saale und Leipzig","robots":{"index":"index","follow":"follow","max-snippet":"max-snippet:-1","max-image-preview":"max-image-preview:large","max-video-preview":"max-video-preview:-1"},"canonical":"https:\/\/www.anne.emmtronics.de\/?page_id=4356","og_locale":"de_DE","og_type":"article","og_title":"Begleitung - Therapeutische Fotografie &amp; Beratung - Anne Hornemann - Fotografin aus Halle\/Saale und Leipzig","og_description":"Work with Me \u2013 Therapeutische Fotografie Therapeutische Fotografie verbindet kreative Inszenierung mit innerer Reflexion. Sie schafft Raum, um pers\u00f6nliche Geschichten, Emotionen und Lebensphasen sichtbar zu machen. Ob Narben als Zeichen von einer pr\u00e4genden Lebensgeschichte, eine neue Ann\u00e4herung an den Begriff &#8222;Sch\u00f6nheit&#8220;, das Entdecken des eigenen Selbstbildes oder der Umgang mit Umbr\u00fcchen in Familie und Partnerschaft &hellip; Mehr \u00fcber \"Begleitung &#8211; Therapeutische Fotografie &amp; Beratung\" Lesen","og_url":"https:\/\/www.anne.emmtronics.de\/?page_id=4356","og_site_name":"Anne Hornemann - Fotografin aus Halle\/Saale und Leipzig","article_modified_time":"2025-02-08T23:39:53+00:00","og_image":[{"width":2560,"height":1707,"url":"https:\/\/www.anne.emmtronics.de\/wp-content\/uploads\/2025\/01\/Anne-Schallausky-@-Anne-Hornemann-3259-scaled.jpg","type":"image\/jpeg"}],"twitter_card":"summary_large_image","twitter_misc":{"Gesch\u00e4tzte Lesezeit":"1\u00a0Minute"},"schema":{"@context":"https:\/\/schema.org","@graph":[{"@type":"WebPage","@id":"https:\/\/www.anne.emmtronics.de\/?page_id=4356","url":"https:\/\/www.anne.emmtronics.de\/?page_id=4356","name":"Begleitung - Therapeutische Fotografie &amp; Beratung - Anne Hornemann - Fotografin aus Halle\/Saale und Leipzig","isPartOf":{"@id":"https:\/\/www.anne.emmtronics.de\/#website"},"primaryImageOfPage":{"@id":"https:\/\/www.anne.emmtronics.de\/?page_id=4356#primaryimage"},"image":{"@id":"https:\/\/www.anne.emmtronics.de\/?page_id=4356#primaryimage"},"thumbnailUrl":"https:\/\/www.anne.emmtronics.de\/wp-content\/uploads\/2025\/01\/Anne-Schallausky-@-Anne-Hornemann-3259-scaled.jpg","datePublished":"2025-01-25T15:10:06+00:00","dateModified":"2025-02-08T23:39:53+00:00","breadcrumb":{"@id":"https:\/\/www.anne.emmtronics.de\/?page_id=4356#breadcrumb"},"inLanguage":"de","potentialAction":[{"@type":"ReadAction","target":["https:\/\/www.anne.emmtronics.de\/?page_id=4356"]}]},{"@type":"ImageObject","inLanguage":"de","@id":"https:\/\/www.anne.emmtronics.de\/?page_id=4356#primaryimage","url":"https:\/\/www.anne.emmtronics.de\/wp-content\/uploads\/2025\/01\/Anne-Schallausky-@-Anne-Hornemann-3259-scaled.jpg","contentUrl":"https:\/\/www.anne.emmtronics.de\/wp-content\/uploads\/2025\/01\/Anne-Schallausky-@-Anne-Hornemann-3259-scaled.jpg","width":2560,"height":1707},{"@type":"BreadcrumbList","@id":"https:\/\/www.anne.emmtronics.de\/?page_id=4356#breadcrumb","itemListElement":[{"@type":"ListItem","position":1,"name":"Startseite","item":"https:\/\/www.anne.emmtronics.de\/"},{"@type":"ListItem","position":2,"name":"Begleitung &#8211; Therapeutische Fotografie &amp; Beratung"}]},{"@type":"WebSite","@id":"https:\/\/www.anne.emmtronics.de\/#website","url":"https:\/\/www.anne.emmtronics.de\/","name":"Anne Hornemann - Fotografin aus Halle\/Saale und Leipzig","description":"moderne Business Portraits + Events, Musikershootings + Konzertfotografie, farbenfrohe Hochzeiten, Familien Reportagen, therapeutische Fotografie","publisher":{"@id":"https:\/\/www.anne.emmtronics.de\/#organization"},"potentialAction":[{"@type":"SearchAction","target":{"@type":"EntryPoint","urlTemplate":"https:\/\/www.anne.emmtronics.de\/?s={search_term_string}"},"query-input":{"@type":"PropertyValueSpecification","valueRequired":true,"valueName":"search_term_string"}}],"inLanguage":"de"},{"@type":"Organization","@id":"https:\/\/www.anne.emmtronics.de\/#organization","name":"Anne Hornemann - Fotografin aus Halle\/Saale und Leipzig","url":"https:\/\/www.anne.emmtronics.de\/","logo":{"@type":"ImageObject","inLanguage":"de","@id":"https:\/\/www.anne.emmtronics.de\/#\/schema\/logo\/image\/","url":"https:\/\/www.anne.emmtronics.de\/wp-content\/uploads\/2023\/10\/cropped-Logoklein.png","contentUrl":"https:\/\/www.anne.emmtronics.de\/wp-content\/uploads\/2023\/10\/cropped-Logoklein.png","width":442,"height":167,"caption":"Anne Hornemann - Fotografin aus Halle\/Saale und Leipzig"},"image":{"@id":"https:\/\/www.anne.emmtronics.de\/#\/schema\/logo\/image\/"}}]}},"_links":{"self":[{"href":"https:\/\/www.anne.emmtronics.de\/index.php?rest_route=\/wp\/v2\/pages\/4356","targetHints":{"allow":["GET"]}}],"collection":[{"href":"https:\/\/www.anne.emmtronics.de\/index.php?rest_route=\/wp\/v2\/pages"}],"about":[{"href":"https:\/\/www.anne.emmtronics.de\/index.php?rest_route=\/wp\/v2\/types\/page"}],"author":[{"embeddable":true,"href":"https:\/\/www.anne.emmtronics.de\/index.php?rest_route=\/wp\/v2\/users\/1"}],"replies":[{"embeddable":true,"href":"https:\/\/www.anne.emmtronics.de\/index.php?rest_route=%2Fwp%2Fv2%2Fcomments&post=4356"}],"version-history":[{"count":27,"href":"https:\/\/www.anne.emmtronics.de\/index.php?rest_route=\/wp\/v2\/pages\/4356\/revisions"}],"predecessor-version":[{"id":4802,"href":"https:\/\/www.anne.emmtronics.de\/index.php?rest_route=\/wp\/v2\/pages\/4356\/revisions\/4802"}],"wp:featuredmedia":[{"embeddable":true,"href":"https:\/\/www.anne.emmtronics.de\/index.php?rest_route=\/wp\/v2\/media\/4405"}],"wp:attachment":[{"href":"https:\/\/www.anne.emmtronics.de\/index.php?rest_route=%2Fwp%2Fv2%2Fmedia&parent=4356"}],"curies":[{"name":"wp","href":"https:\/\/api.w.org\/{rel}","templated":true}]}}