{"id":4514,"date":"2025-01-26T18:50:40","date_gmt":"2025-01-26T18:50:40","guid":{"rendered":"https:\/\/www.anne.emmtronics.de\/?page_id=4514"},"modified":"2025-02-01T16:51:45","modified_gmt":"2025-02-01T16:51:45","slug":"beratung","status":"publish","type":"page","link":"https:\/\/www.anne.emmtronics.de\/?page_id=4514","title":{"rendered":"Beratung"},"content":{"rendered":"\t\t<div data-elementor-type=\"wp-page\" data-elementor-id=\"4514\" class=\"elementor elementor-4514\" data-elementor-post-type=\"page\">\n\t\t\t\t<div class=\"elementor-element elementor-element-a77ce4e e-con-full e-flex e-con e-parent\" data-id=\"a77ce4e\" data-element_type=\"container\" data-e-type=\"container\">\n\t\t\t\t<div class=\"elementor-element elementor-element-8fa2036 elementor-widget elementor-widget-text-editor\" data-id=\"8fa2036\" data-element_type=\"widget\" data-e-type=\"widget\" data-widget_type=\"text-editor.default\">\n\t\t\t\t<div class=\"elementor-widget-container\">\n\t\t\t\t\t\t\t\t\t<h3>Beratung und Preise<\/h3><p>Manche Themen brauchen Raum \u2013 sei es zur Reflexion nach einer fotografischen Erfahrung oder f\u00fcr eine tiefergehende Auseinandersetzung in pers\u00f6nlichen oder partnerschaftlichen Fragen. Meine Beratungsangebote richten sich an Einzelpersonen und Paare, die Begleitung suchen, sei es in Verbindung mit der therapeutischen Fotografie oder unabh\u00e4ngig davon.<\/p><h4>1. Beratung vor\/nach therapeutischer Fotografie<\/h4><p>Therapeutische Fotografie kann intensive Prozesse ansto\u00dfen. Oft \u00f6ffnen sich im Anschluss an ein Shooting neue Fragen oder Themen, die nachwirken und einer vertieften Reflexion bed\u00fcrfen. F\u00fcr diese Gespr\u00e4che biete ich einen gesch\u00fctzten Rahmen, in dem wir gemeinsam das Erlebte besprechen und neue Perspektiven entwickeln k\u00f6nnen.\u00a0<\/p><h4>2. Beratung (ohne Fotografie)<\/h4><p>Wenn Sie oder Ihr Interesse an einer Beratung in den Bereichen Paar- und Sexualtherapie habt, biete ich individuelle Begleitung an. Im Erstgespr\u00e4ch kl\u00e4ren wir, welche Themen Sie\/Euch bewegen und wie ich Sie\/Euch unterst\u00fctzen kann. Viele KlientInnen entscheiden sich f\u00fcr eine Einzelberatung \u00fcber 90 Minuten im Abstand von vier Wochen, da diese mehr Raum bietet, um die Erkenntnisse und Gespr\u00e4che in Ruhe nachwirken zu lassen. Alternativ ist auch eine Beratung von 50 Minuten alle zwei Wochen m\u00f6glich, wenn ein engerer zeitlicher Rhythmus bevorzugt wird.<\/p><p>Ob es um pers\u00f6nliche Themen, Beziehungskonflikte oder eine vertiefte Selbstreflexion geht \u2013 ich begleite Sie\/Euch mit einem offenen und wertsch\u00e4tzenden Ansatz.\u00a0<\/p><p><strong>Hinweis:<\/strong><br \/>Ich biete keine therapeutische Behandlung an. Meine Arbeit ist rein beratend und dient der Unterst\u00fctzung sowie Begleitung in pers\u00f6nlichen Entwicklungsprozessen. Sie ersetzt keine Therapie oder medizinische Behandlung.<\/p><p><strong>Weitere Informationen zu Preisen und Terminbuchungen finden Sie hier.<\/strong><\/p>\t\t\t\t\t\t\t\t<\/div>\n\t\t\t\t<\/div>\n\t\t\t\t<div class=\"elementor-element elementor-element-75e6fa6 elementor-widget elementor-widget-price-list\" data-id=\"75e6fa6\" data-element_type=\"widget\" data-e-type=\"widget\" data-widget_type=\"price-list.default\">\n\t\t\t\t<div class=\"elementor-widget-container\">\n\t\t\t\t\t\n\t\t<ul class=\"elementor-price-list\">\n\n\t\t\t\t\t\t\t\t\t<li><a class=\"elementor-price-list-item\" href=\"#\">\t\t\t\t\n\t\t\t\t<div class=\"elementor-price-list-text\">\n\t\t\t\t\t\t\t\t\t<div class=\"elementor-price-list-header\">\n\t\t\t\t\t\t\t\t\t\t\t<span class=\"elementor-price-list-title\">\n\t\t\t\t\t\t\tErstgespr\u00e4ch \t\t\t\t\t\t<\/span>\n\t\t\t\t\t\t\t\t\t\t\t\t\t\t\t\t\t\t<span class=\"elementor-price-list-separator\"><\/span>\n\t\t\t\t\t\t\t\t\t\t\t\t\t\t\t\t\t\t\t<span class=\"elementor-price-list-price\">30 \u20ac<\/span>\n\t\t\t\t\t\t\t\t\t\t<\/div>\n\t\t\t\t\t\t\t\t\t\t\t\t\t\t\t<p class=\"elementor-price-list-description\">\n\t\t\t\t\t\t\t20 Minuten, telefonisch und online, nur mit Anmeldung!\t\t\t\t\t\t<\/p>\n\t\t\t\t\t\t\t\t<\/div>\n\t\t\t\t<\/a><\/li>\t\t\t\t\t\t\t\t\t\t\t\t<li><a class=\"elementor-price-list-item\" href=\"#\">\t\t\t\t\n\t\t\t\t<div class=\"elementor-price-list-text\">\n\t\t\t\t\t\t\t\t\t<div class=\"elementor-price-list-header\">\n\t\t\t\t\t\t\t\t\t\t\t<span class=\"elementor-price-list-title\">\n\t\t\t\t\t\t\tEinzelberatung\t\t\t\t\t\t<\/span>\n\t\t\t\t\t\t\t\t\t\t\t\t\t\t\t\t\t\t<span class=\"elementor-price-list-separator\"><\/span>\n\t\t\t\t\t\t\t\t\t\t\t\t\t\t\t\t\t\t\t<span class=\"elementor-price-list-price\">100 \u20ac<\/span>\n\t\t\t\t\t\t\t\t\t\t<\/div>\n\t\t\t\t\t\t\t\t\t\t\t\t\t\t\t<p class=\"elementor-price-list-description\">\n\t\t\t\t\t\t\t50 Minuten\t\t\t\t\t\t<\/p>\n\t\t\t\t\t\t\t\t<\/div>\n\t\t\t\t<\/a><\/li>\t\t\t\t\t\t\t\t\t\t\t\t<li><a class=\"elementor-price-list-item\" href=\"#\">\t\t\t\t\n\t\t\t\t<div class=\"elementor-price-list-text\">\n\t\t\t\t\t\t\t\t\t<div class=\"elementor-price-list-header\">\n\t\t\t\t\t\t\t\t\t\t\t<span class=\"elementor-price-list-title\">\n\t\t\t\t\t\t\tPaarberatung\t\t\t\t\t\t<\/span>\n\t\t\t\t\t\t\t\t\t\t\t\t\t\t\t\t\t\t<span class=\"elementor-price-list-separator\"><\/span>\n\t\t\t\t\t\t\t\t\t\t\t\t\t\t\t\t\t\t\t<span class=\"elementor-price-list-price\">120 \u20ac<\/span>\n\t\t\t\t\t\t\t\t\t\t<\/div>\n\t\t\t\t\t\t\t\t\t\t\t\t\t\t\t<p class=\"elementor-price-list-description\">\n\t\t\t\t\t\t\t50 Minuten\t\t\t\t\t\t<\/p>\n\t\t\t\t\t\t\t\t<\/div>\n\t\t\t\t<\/a><\/li>\t\t\t\t\t\t\t\t\t\t\t\t<li><a class=\"elementor-price-list-item\" href=\"#\">\t\t\t\t\n\t\t\t\t<div class=\"elementor-price-list-text\">\n\t\t\t\t\t\t\t\t\t<div class=\"elementor-price-list-header\">\n\t\t\t\t\t\t\t\t\t\t\t<span class=\"elementor-price-list-title\">\n\t\t\t\t\t\t\tEinzelberatung \t\t\t\t\t\t<\/span>\n\t\t\t\t\t\t\t\t\t\t\t\t\t\t\t\t\t\t<span class=\"elementor-price-list-separator\"><\/span>\n\t\t\t\t\t\t\t\t\t\t\t\t\t\t\t\t\t\t\t<span class=\"elementor-price-list-price\">180 \u20ac<\/span>\n\t\t\t\t\t\t\t\t\t\t<\/div>\n\t\t\t\t\t\t\t\t\t\t\t\t\t\t\t<p class=\"elementor-price-list-description\">\n\t\t\t\t\t\t\t90 Minuten\t\t\t\t\t\t<\/p>\n\t\t\t\t\t\t\t\t<\/div>\n\t\t\t\t<\/a><\/li>\t\t\t\t\t\t\t\t\t\t\t\t<li><a class=\"elementor-price-list-item\" href=\"#\">\t\t\t\t\n\t\t\t\t<div class=\"elementor-price-list-text\">\n\t\t\t\t\t\t\t\t\t<div class=\"elementor-price-list-header\">\n\t\t\t\t\t\t\t\t\t\t\t<span class=\"elementor-price-list-title\">\n\t\t\t\t\t\t\tPaarberatung \t\t\t\t\t\t<\/span>\n\t\t\t\t\t\t\t\t\t\t\t\t\t\t\t\t\t\t<span class=\"elementor-price-list-separator\"><\/span>\n\t\t\t\t\t\t\t\t\t\t\t\t\t\t\t\t\t\t\t<span class=\"elementor-price-list-price\">200 \u20ac<\/span>\n\t\t\t\t\t\t\t\t\t\t<\/div>\n\t\t\t\t\t\t\t\t\t\t\t\t\t\t\t<p class=\"elementor-price-list-description\">\n\t\t\t\t\t\t\t90 Minuten\t\t\t\t\t\t<\/p>\n\t\t\t\t\t\t\t\t<\/div>\n\t\t\t\t<\/a><\/li>\t\t\t\t\t\t\t\t\t\t\t\t<li><a class=\"elementor-price-list-item\" href=\"#\">\t\t\t\t\n\t\t\t\t<div class=\"elementor-price-list-text\">\n\t\t\t\t\t\t\t\t\t<div class=\"elementor-price-list-header\">\n\t\t\t\t\t\t\t\t\t\t\t<span class=\"elementor-price-list-title\">\n\t\t\t\t\t\t\ttherapeutische Fotografie\t\t\t\t\t\t<\/span>\n\t\t\t\t\t\t\t\t\t\t\t\t\t\t\t\t\t\t<span class=\"elementor-price-list-separator\"><\/span>\n\t\t\t\t\t\t\t\t\t\t\t\t\t\t\t\t\t\t\t<span class=\"elementor-price-list-price\">ab 600 \u20ac<\/span>\n\t\t\t\t\t\t\t\t\t\t<\/div>\n\t\t\t\t\t\t\t\t\t\t\t\t\t\t\t<p class=\"elementor-price-list-description\">\n\t\t\t\t\t\t\tPreise f\u00fcr therapeutische Fotografie beginnen ab 600 Euro f\u00fcr 2\u20133 Stunden. Lassen Sie sich gern ein detailliertes Angebot daf\u00fcr zusenden, mit weiteren Optionen f\u00fcr einen halben Tag und Tagessatz. Angebote f\u00fcr Gruppenworkshops gern auf Nachfrage.\t\t\t\t\t\t<\/p>\n\t\t\t\t\t\t\t\t<\/div>\n\t\t\t\t<\/a><\/li>\t\t\t\t\t\n\t\t<\/ul>\n\n\t\t\t\t\t\t<\/div>\n\t\t\t\t<\/div>\n\t\t\t\t<\/div>\n\t\t<div class=\"elementor-element elementor-element-20e96fa e-flex e-con-boxed e-con e-parent\" data-id=\"20e96fa\" data-element_type=\"container\" data-e-type=\"container\">\n\t\t\t\t\t<div class=\"e-con-inner\">\n\t\t\t\t<div class=\"elementor-element elementor-element-b346723 elementor-align-center elementor-widget elementor-widget-button\" data-id=\"b346723\" data-element_type=\"widget\" data-e-type=\"widget\" data-widget_type=\"button.default\">\n\t\t\t\t<div class=\"elementor-widget-container\">\n\t\t\t\t\t\t\t\t\t<div class=\"elementor-button-wrapper\">\n\t\t\t\t\t<a class=\"elementor-button elementor-size-sm\" role=\"button\">\n\t\t\t\t\t\t<span class=\"elementor-button-content-wrapper\">\n\t\t\t\t\t\t\t\t\t<span class=\"elementor-button-text\">Termin Buchung - coming soon<\/span>\n\t\t\t\t\t<\/span>\n\t\t\t\t\t<\/a>\n\t\t\t\t<\/div>\n\t\t\t\t\t\t\t\t<\/div>\n\t\t\t\t<\/div>\n\t\t\t\t\t<\/div>\n\t\t\t\t<\/div>\n\t\t<div class=\"elementor-element elementor-element-ecbf816 e-flex e-con-boxed e-con e-parent\" data-id=\"ecbf816\" data-element_type=\"container\" data-e-type=\"container\">\n\t\t\t\t\t<div class=\"e-con-inner\">\n\t\t\t\t<div class=\"elementor-element elementor-element-e8aaa6c elementor-widget elementor-widget-spacer\" data-id=\"e8aaa6c\" data-element_type=\"widget\" data-e-type=\"widget\" data-widget_type=\"spacer.default\">\n\t\t\t\t<div class=\"elementor-widget-container\">\n\t\t\t\t\t\t\t<div class=\"elementor-spacer\">\n\t\t\t<div class=\"elementor-spacer-inner\"><\/div>\n\t\t<\/div>\n\t\t\t\t\t\t<\/div>\n\t\t\t\t<\/div>\n\t\t\t\t\t<\/div>\n\t\t\t\t<\/div>\n\t\t<div class=\"elementor-element elementor-element-616e7cd e-flex e-con-boxed e-con e-parent\" data-id=\"616e7cd\" data-element_type=\"container\" data-e-type=\"container\">\n\t\t\t\t\t<div class=\"e-con-inner\">\n\t\t\t\t\t<\/div>\n\t\t\t\t<\/div>\n\t\t\t\t<\/div>\n\t\t","protected":false},"excerpt":{"rendered":"<p>Beratung und Preise Manche Themen brauchen Raum \u2013 sei es zur Reflexion nach einer fotografischen Erfahrung oder f\u00fcr eine tiefergehende Auseinandersetzung in pers\u00f6nlichen oder partnerschaftlichen Fragen. Meine Beratungsangebote richten sich an Einzelpersonen und Paare, die Begleitung suchen, sei es in Verbindung mit der therapeutischen Fotografie oder unabh\u00e4ngig davon. 1. Beratung vor\/nach therapeutischer Fotografie Therapeutische Fotografie &hellip; <\/p>\n<p class=\"link-more\"><a href=\"https:\/\/www.anne.emmtronics.de\/?page_id=4514\" class=\"more-link\">Mehr <span class=\"screen-reader-text\">\u00fcber &#8222;Beratung&#8220; <\/span>Lesen<\/a><\/p>\n","protected":false},"author":1,"featured_media":4627,"parent":0,"menu_order":0,"comment_status":"closed","ping_status":"closed","template":"","meta":{"inline_featured_image":false,"inspiro_hide_title":false,"footnotes":""},"class_list":["post-4514","page","type-page","status-publish","has-post-thumbnail","hentry"],"yoast_head":"<!-- This site is optimized with the Yoast SEO plugin v27.5 - https:\/\/yoast.com\/product\/yoast-seo-wordpress\/ -->\n<title>Beratung - Anne Hornemann - Fotografin aus Halle\/Saale und Leipzig<\/title>\n<meta name=\"robots\" content=\"index, follow, max-snippet:-1, max-image-preview:large, max-video-preview:-1\" \/>\n<link rel=\"canonical\" href=\"https:\/\/www.anne.emmtronics.de\/?page_id=4514\" \/>\n<meta property=\"og:locale\" content=\"de_DE\" \/>\n<meta property=\"og:type\" content=\"article\" \/>\n<meta property=\"og:title\" content=\"Beratung - Anne Hornemann - Fotografin aus Halle\/Saale und Leipzig\" \/>\n<meta property=\"og:description\" content=\"Beratung und Preise Manche Themen brauchen Raum \u2013 sei es zur Reflexion nach einer fotografischen Erfahrung oder f\u00fcr eine tiefergehende Auseinandersetzung in pers\u00f6nlichen oder partnerschaftlichen Fragen. Meine Beratungsangebote richten sich an Einzelpersonen und Paare, die Begleitung suchen, sei es in Verbindung mit der therapeutischen Fotografie oder unabh\u00e4ngig davon. 1. Beratung vor\/nach therapeutischer Fotografie Therapeutische Fotografie &hellip; Mehr \u00fcber &quot;Beratung&quot; Lesen\" \/>\n<meta property=\"og:url\" content=\"https:\/\/www.anne.emmtronics.de\/?page_id=4514\" \/>\n<meta property=\"og:site_name\" content=\"Anne Hornemann - Fotografin aus Halle\/Saale und Leipzig\" \/>\n<meta property=\"article:modified_time\" content=\"2025-02-01T16:51:45+00:00\" \/>\n<meta property=\"og:image\" content=\"https:\/\/www.anne.emmtronics.de\/wp-content\/uploads\/2025\/01\/s_workation-sarahschneller-2024-0131.jpg\" \/>\n\t<meta property=\"og:image:width\" content=\"2500\" \/>\n\t<meta property=\"og:image:height\" content=\"1667\" \/>\n\t<meta property=\"og:image:type\" content=\"image\/jpeg\" \/>\n<meta name=\"twitter:card\" content=\"summary_large_image\" \/>\n<meta name=\"twitter:label1\" content=\"Gesch\u00e4tzte Lesezeit\" \/>\n\t<meta name=\"twitter:data1\" content=\"2\u00a0Minuten\" \/>\n<script type=\"application\/ld+json\" class=\"yoast-schema-graph\">{\"@context\":\"https:\\\/\\\/schema.org\",\"@graph\":[{\"@type\":\"WebPage\",\"@id\":\"https:\\\/\\\/www.anne.emmtronics.de\\\/?page_id=4514\",\"url\":\"https:\\\/\\\/www.anne.emmtronics.de\\\/?page_id=4514\",\"name\":\"Beratung - Anne Hornemann - Fotografin aus Halle\\\/Saale und Leipzig\",\"isPartOf\":{\"@id\":\"https:\\\/\\\/www.anne.emmtronics.de\\\/#website\"},\"primaryImageOfPage\":{\"@id\":\"https:\\\/\\\/www.anne.emmtronics.de\\\/?page_id=4514#primaryimage\"},\"image\":{\"@id\":\"https:\\\/\\\/www.anne.emmtronics.de\\\/?page_id=4514#primaryimage\"},\"thumbnailUrl\":\"https:\\\/\\\/www.anne.emmtronics.de\\\/wp-content\\\/uploads\\\/2025\\\/01\\\/s_workation-sarahschneller-2024-0131.jpg\",\"datePublished\":\"2025-01-26T18:50:40+00:00\",\"dateModified\":\"2025-02-01T16:51:45+00:00\",\"breadcrumb\":{\"@id\":\"https:\\\/\\\/www.anne.emmtronics.de\\\/?page_id=4514#breadcrumb\"},\"inLanguage\":\"de\",\"potentialAction\":[{\"@type\":\"ReadAction\",\"target\":[\"https:\\\/\\\/www.anne.emmtronics.de\\\/?page_id=4514\"]}]},{\"@type\":\"ImageObject\",\"inLanguage\":\"de\",\"@id\":\"https:\\\/\\\/www.anne.emmtronics.de\\\/?page_id=4514#primaryimage\",\"url\":\"https:\\\/\\\/www.anne.emmtronics.de\\\/wp-content\\\/uploads\\\/2025\\\/01\\\/s_workation-sarahschneller-2024-0131.jpg\",\"contentUrl\":\"https:\\\/\\\/www.anne.emmtronics.de\\\/wp-content\\\/uploads\\\/2025\\\/01\\\/s_workation-sarahschneller-2024-0131.jpg\",\"width\":2500,\"height\":1667},{\"@type\":\"BreadcrumbList\",\"@id\":\"https:\\\/\\\/www.anne.emmtronics.de\\\/?page_id=4514#breadcrumb\",\"itemListElement\":[{\"@type\":\"ListItem\",\"position\":1,\"name\":\"Startseite\",\"item\":\"https:\\\/\\\/www.anne.emmtronics.de\\\/\"},{\"@type\":\"ListItem\",\"position\":2,\"name\":\"Beratung\"}]},{\"@type\":\"WebSite\",\"@id\":\"https:\\\/\\\/www.anne.emmtronics.de\\\/#website\",\"url\":\"https:\\\/\\\/www.anne.emmtronics.de\\\/\",\"name\":\"Anne Hornemann - Fotografin aus Halle\\\/Saale und Leipzig\",\"description\":\"moderne Business Portraits + Events, Musikershootings + Konzertfotografie, farbenfrohe Hochzeiten, Familien Reportagen, therapeutische Fotografie\",\"publisher\":{\"@id\":\"https:\\\/\\\/www.anne.emmtronics.de\\\/#organization\"},\"potentialAction\":[{\"@type\":\"SearchAction\",\"target\":{\"@type\":\"EntryPoint\",\"urlTemplate\":\"https:\\\/\\\/www.anne.emmtronics.de\\\/?s={search_term_string}\"},\"query-input\":{\"@type\":\"PropertyValueSpecification\",\"valueRequired\":true,\"valueName\":\"search_term_string\"}}],\"inLanguage\":\"de\"},{\"@type\":\"Organization\",\"@id\":\"https:\\\/\\\/www.anne.emmtronics.de\\\/#organization\",\"name\":\"Anne Hornemann - Fotografin aus Halle\\\/Saale und Leipzig\",\"url\":\"https:\\\/\\\/www.anne.emmtronics.de\\\/\",\"logo\":{\"@type\":\"ImageObject\",\"inLanguage\":\"de\",\"@id\":\"https:\\\/\\\/www.anne.emmtronics.de\\\/#\\\/schema\\\/logo\\\/image\\\/\",\"url\":\"https:\\\/\\\/www.anne.emmtronics.de\\\/wp-content\\\/uploads\\\/2023\\\/10\\\/cropped-Logoklein.png\",\"contentUrl\":\"https:\\\/\\\/www.anne.emmtronics.de\\\/wp-content\\\/uploads\\\/2023\\\/10\\\/cropped-Logoklein.png\",\"width\":442,\"height\":167,\"caption\":\"Anne Hornemann - Fotografin aus Halle\\\/Saale und Leipzig\"},\"image\":{\"@id\":\"https:\\\/\\\/www.anne.emmtronics.de\\\/#\\\/schema\\\/logo\\\/image\\\/\"}}]}<\/script>\n<!-- \/ Yoast SEO plugin. -->","yoast_head_json":{"title":"Beratung - Anne Hornemann - Fotografin aus Halle\/Saale und Leipzig","robots":{"index":"index","follow":"follow","max-snippet":"max-snippet:-1","max-image-preview":"max-image-preview:large","max-video-preview":"max-video-preview:-1"},"canonical":"https:\/\/www.anne.emmtronics.de\/?page_id=4514","og_locale":"de_DE","og_type":"article","og_title":"Beratung - Anne Hornemann - Fotografin aus Halle\/Saale und Leipzig","og_description":"Beratung und Preise Manche Themen brauchen Raum \u2013 sei es zur Reflexion nach einer fotografischen Erfahrung oder f\u00fcr eine tiefergehende Auseinandersetzung in pers\u00f6nlichen oder partnerschaftlichen Fragen. Meine Beratungsangebote richten sich an Einzelpersonen und Paare, die Begleitung suchen, sei es in Verbindung mit der therapeutischen Fotografie oder unabh\u00e4ngig davon. 1. Beratung vor\/nach therapeutischer Fotografie Therapeutische Fotografie &hellip; Mehr \u00fcber \"Beratung\" Lesen","og_url":"https:\/\/www.anne.emmtronics.de\/?page_id=4514","og_site_name":"Anne Hornemann - Fotografin aus Halle\/Saale und Leipzig","article_modified_time":"2025-02-01T16:51:45+00:00","og_image":[{"width":2500,"height":1667,"url":"https:\/\/www.anne.emmtronics.de\/wp-content\/uploads\/2025\/01\/s_workation-sarahschneller-2024-0131.jpg","type":"image\/jpeg"}],"twitter_card":"summary_large_image","twitter_misc":{"Gesch\u00e4tzte Lesezeit":"2\u00a0Minuten"},"schema":{"@context":"https:\/\/schema.org","@graph":[{"@type":"WebPage","@id":"https:\/\/www.anne.emmtronics.de\/?page_id=4514","url":"https:\/\/www.anne.emmtronics.de\/?page_id=4514","name":"Beratung - Anne Hornemann - Fotografin aus Halle\/Saale und Leipzig","isPartOf":{"@id":"https:\/\/www.anne.emmtronics.de\/#website"},"primaryImageOfPage":{"@id":"https:\/\/www.anne.emmtronics.de\/?page_id=4514#primaryimage"},"image":{"@id":"https:\/\/www.anne.emmtronics.de\/?page_id=4514#primaryimage"},"thumbnailUrl":"https:\/\/www.anne.emmtronics.de\/wp-content\/uploads\/2025\/01\/s_workation-sarahschneller-2024-0131.jpg","datePublished":"2025-01-26T18:50:40+00:00","dateModified":"2025-02-01T16:51:45+00:00","breadcrumb":{"@id":"https:\/\/www.anne.emmtronics.de\/?page_id=4514#breadcrumb"},"inLanguage":"de","potentialAction":[{"@type":"ReadAction","target":["https:\/\/www.anne.emmtronics.de\/?page_id=4514"]}]},{"@type":"ImageObject","inLanguage":"de","@id":"https:\/\/www.anne.emmtronics.de\/?page_id=4514#primaryimage","url":"https:\/\/www.anne.emmtronics.de\/wp-content\/uploads\/2025\/01\/s_workation-sarahschneller-2024-0131.jpg","contentUrl":"https:\/\/www.anne.emmtronics.de\/wp-content\/uploads\/2025\/01\/s_workation-sarahschneller-2024-0131.jpg","width":2500,"height":1667},{"@type":"BreadcrumbList","@id":"https:\/\/www.anne.emmtronics.de\/?page_id=4514#breadcrumb","itemListElement":[{"@type":"ListItem","position":1,"name":"Startseite","item":"https:\/\/www.anne.emmtronics.de\/"},{"@type":"ListItem","position":2,"name":"Beratung"}]},{"@type":"WebSite","@id":"https:\/\/www.anne.emmtronics.de\/#website","url":"https:\/\/www.anne.emmtronics.de\/","name":"Anne Hornemann - Fotografin aus Halle\/Saale und Leipzig","description":"moderne Business Portraits + Events, Musikershootings + Konzertfotografie, farbenfrohe Hochzeiten, Familien Reportagen, therapeutische Fotografie","publisher":{"@id":"https:\/\/www.anne.emmtronics.de\/#organization"},"potentialAction":[{"@type":"SearchAction","target":{"@type":"EntryPoint","urlTemplate":"https:\/\/www.anne.emmtronics.de\/?s={search_term_string}"},"query-input":{"@type":"PropertyValueSpecification","valueRequired":true,"valueName":"search_term_string"}}],"inLanguage":"de"},{"@type":"Organization","@id":"https:\/\/www.anne.emmtronics.de\/#organization","name":"Anne Hornemann - Fotografin aus Halle\/Saale und Leipzig","url":"https:\/\/www.anne.emmtronics.de\/","logo":{"@type":"ImageObject","inLanguage":"de","@id":"https:\/\/www.anne.emmtronics.de\/#\/schema\/logo\/image\/","url":"https:\/\/www.anne.emmtronics.de\/wp-content\/uploads\/2023\/10\/cropped-Logoklein.png","contentUrl":"https:\/\/www.anne.emmtronics.de\/wp-content\/uploads\/2023\/10\/cropped-Logoklein.png","width":442,"height":167,"caption":"Anne Hornemann - Fotografin aus Halle\/Saale und Leipzig"},"image":{"@id":"https:\/\/www.anne.emmtronics.de\/#\/schema\/logo\/image\/"}}]}},"_links":{"self":[{"href":"https:\/\/www.anne.emmtronics.de\/index.php?rest_route=\/wp\/v2\/pages\/4514","targetHints":{"allow":["GET"]}}],"collection":[{"href":"https:\/\/www.anne.emmtronics.de\/index.php?rest_route=\/wp\/v2\/pages"}],"about":[{"href":"https:\/\/www.anne.emmtronics.de\/index.php?rest_route=\/wp\/v2\/types\/page"}],"author":[{"embeddable":true,"href":"https:\/\/www.anne.emmtronics.de\/index.php?rest_route=\/wp\/v2\/users\/1"}],"replies":[{"embeddable":true,"href":"https:\/\/www.anne.emmtronics.de\/index.php?rest_route=%2Fwp%2Fv2%2Fcomments&post=4514"}],"version-history":[{"count":64,"href":"https:\/\/www.anne.emmtronics.de\/index.php?rest_route=\/wp\/v2\/pages\/4514\/revisions"}],"predecessor-version":[{"id":4755,"href":"https:\/\/www.anne.emmtronics.de\/index.php?rest_route=\/wp\/v2\/pages\/4514\/revisions\/4755"}],"wp:featuredmedia":[{"embeddable":true,"href":"https:\/\/www.anne.emmtronics.de\/index.php?rest_route=\/wp\/v2\/media\/4627"}],"wp:attachment":[{"href":"https:\/\/www.anne.emmtronics.de\/index.php?rest_route=%2Fwp%2Fv2%2Fmedia&parent=4514"}],"curies":[{"name":"wp","href":"https:\/\/api.w.org\/{rel}","templated":true}]}}