{"id":47,"date":"2022-03-27T16:35:31","date_gmt":"2022-03-27T16:35:31","guid":{"rendered":"https:\/\/themes.getmotopress.com\/pixetty\/?page_id=47"},"modified":"2025-02-08T23:12:32","modified_gmt":"2025-02-08T23:12:32","slug":"about-me","status":"publish","type":"page","link":"https:\/\/www.anne.emmtronics.de\/?page_id=47","title":{"rendered":"About me"},"content":{"rendered":"\t\t<div data-elementor-type=\"wp-page\" data-elementor-id=\"47\" class=\"elementor elementor-47\" data-elementor-post-type=\"page\">\n\t\t\t\t<div class=\"elementor-element elementor-element-c3045c8 e-flex e-con-boxed e-con e-parent\" data-id=\"c3045c8\" data-element_type=\"container\" data-e-type=\"container\">\n\t\t\t\t\t<div class=\"e-con-inner\">\n\t\t\t\t\t<\/div>\n\t\t\t\t<\/div>\n\t\t<div class=\"elementor-element elementor-element-f26752e e-flex e-con-boxed e-con e-parent\" data-id=\"f26752e\" data-element_type=\"container\" data-e-type=\"container\">\n\t\t\t\t\t<div class=\"e-con-inner\">\n\t\t\t\t<div class=\"elementor-element elementor-element-c700c56 elementor-widget elementor-widget-text-editor\" data-id=\"c700c56\" data-element_type=\"widget\" data-e-type=\"widget\" data-widget_type=\"text-editor.default\">\n\t\t\t\t<div class=\"elementor-widget-container\">\n\t\t\t\t\t\t\t\t\t<div class=\"flex max-w-full flex-col flex-grow\">\n<div class=\"min-h-8 text-message flex w-full flex-col items-end gap-2 whitespace-normal break-words text-start [.text-message+&amp;]:mt-5\" dir=\"auto\" data-message-author-role=\"assistant\" data-message-id=\"a7b625f1-5cd5-4161-b065-79929bfc5a45\" data-message-model-slug=\"gpt-4o\">\n<div class=\"flex w-full flex-col gap-1 empty:hidden first:pt-[3px]\">\n<div class=\"markdown prose w-full break-words dark:prose-invert dark\">\n<p>Ich bin Anne Hornemann, Fotografin aus Halle (Saale), und seit 2013 hauptberuflich t\u00e4tig. Mein Fokus liegt auf emotionalen, authentischen und epischen Fotografien, die von Portr\u00e4ts bis hin zu Reportagen reichen. Meine Schwerpunkte sind Musikerportraits, Businessbilder, Konzert- und Eventfotografie sowie Hochzeiten und Familienreportagen \u2013 regional in Mitteldeutschland, deutschlandweit und europaweit. Besonders spezialisiert bin ich auf Regenhochzeiten und werde deshalb gern an der Ost- und Nordsee sowie nach D\u00e4nemark gebucht.<\/p>\n<p>Mein Hintergrund pr\u00e4gt meine Arbeit: Ein Studium der Musik und evangelischen Religion sowie meine Erfahrungen in interkulturellen Kontexten, wie dem Deutschunterricht an einer arabischen Schule in Pal\u00e4stina (Westbank) f\u00fcr ein Schuljahr, haben meinen Blick f\u00fcr Vielfalt und Gesellschaft gesch\u00e4rft. Kunst, Theater, modernes Ballett und Inszenierung spielen in meinen Bildern eine wesentliche Rolle, um den Charakter, die Symbolik und die Geschichte meiner Kundinnen und Kunden in den Mittelpunkt zu stellen.<\/p>\n<p>Seit 2022 bilde ich mich zus\u00e4tzlich im Bereich Paar- und Sexualtherapie weiter, um neue Ans\u00e4tze in der Fotografie zu entwickeln. Die Verbindung von Fotografie und Therapie erm\u00f6glicht es mir, Themen wie Selbstausdruck, K\u00f6rperakzeptanz und Selbstbewusstsein zu begleiten. Ob Abschiedsrituale, Trauerfotografie oder Selbstfindung \u2013 mein Ziel ist es, durch Bilder Perspektiven aufzuzeigen, Umbruchprozesse und Wege zu w\u00fcrdigen.<\/p>\n<p>Meine Arbeit ist gepr\u00e4gt von einer nahbaren und professionellen Zusammenarbeit. Ich lege gro\u00dfen Wert darauf, dass sich meine Kundinnen und Kunden vor der Kamera wohlf\u00fchlen und authentisch bleiben. Gemeinsam schaffen wir Bilder, die nicht nur sch\u00f6n, sondern auch bedeutungsvoll sind.<\/p>\n<p>Ich freue mich darauf, Ihre Geschichte in Bildern zu erz\u00e4hlen.<\/p><\/div><\/div><\/div><\/div>\t\t\t\t\t\t\t\t<\/div>\n\t\t\t\t<\/div>\n\t\t\t\t\t<\/div>\n\t\t\t\t<\/div>\n\t\t<div class=\"elementor-element elementor-element-1e6648f e-flex e-con-boxed e-con e-parent\" data-id=\"1e6648f\" data-element_type=\"container\" data-e-type=\"container\">\n\t\t\t\t\t<div class=\"e-con-inner\">\n\t\t\t\t<div class=\"elementor-element elementor-element-c77d683 elementor-widget elementor-widget-spacer\" data-id=\"c77d683\" data-element_type=\"widget\" data-e-type=\"widget\" data-widget_type=\"spacer.default\">\n\t\t\t\t<div class=\"elementor-widget-container\">\n\t\t\t\t\t\t\t<div class=\"elementor-spacer\">\n\t\t\t<div class=\"elementor-spacer-inner\"><\/div>\n\t\t<\/div>\n\t\t\t\t\t\t<\/div>\n\t\t\t\t<\/div>\n\t\t\t\t\t<\/div>\n\t\t\t\t<\/div>\n\t\t\t\t<\/div>\n\t\t","protected":false},"excerpt":{"rendered":"<p>I tell stories with photos<\/p>\n","protected":false},"author":1,"featured_media":4628,"parent":0,"menu_order":0,"comment_status":"closed","ping_status":"closed","template":"","meta":{"inline_featured_image":false,"inspiro_hide_title":false,"footnotes":""},"class_list":["post-47","page","type-page","status-publish","has-post-thumbnail","hentry"],"yoast_head":"<!-- This site is optimized with the Yoast SEO plugin v27.5 - https:\/\/yoast.com\/product\/yoast-seo-wordpress\/ -->\n<title>About me - Anne Hornemann - Fotografin aus Halle\/Saale und Leipzig<\/title>\n<meta name=\"robots\" content=\"index, follow, max-snippet:-1, max-image-preview:large, max-video-preview:-1\" \/>\n<link rel=\"canonical\" href=\"https:\/\/www.anne.emmtronics.de\/?page_id=47\" \/>\n<meta property=\"og:locale\" content=\"de_DE\" \/>\n<meta property=\"og:type\" content=\"article\" \/>\n<meta property=\"og:title\" content=\"About me - Anne Hornemann - Fotografin aus Halle\/Saale und Leipzig\" \/>\n<meta property=\"og:description\" content=\"I tell stories with photos\" \/>\n<meta property=\"og:url\" content=\"https:\/\/www.anne.emmtronics.de\/?page_id=47\" \/>\n<meta property=\"og:site_name\" content=\"Anne Hornemann - Fotografin aus Halle\/Saale und Leipzig\" \/>\n<meta property=\"article:modified_time\" content=\"2025-02-08T23:12:32+00:00\" \/>\n<meta property=\"og:image\" content=\"https:\/\/www.anne.emmtronics.de\/wp-content\/uploads\/2025\/01\/s_workation-sarahschneller-2024-0194.jpg\" \/>\n\t<meta property=\"og:image:width\" content=\"2500\" \/>\n\t<meta property=\"og:image:height\" content=\"1667\" \/>\n\t<meta property=\"og:image:type\" content=\"image\/jpeg\" \/>\n<meta name=\"twitter:card\" content=\"summary_large_image\" \/>\n<meta name=\"twitter:label1\" content=\"Gesch\u00e4tzte Lesezeit\" \/>\n\t<meta name=\"twitter:data1\" content=\"2\u00a0Minuten\" \/>\n<script type=\"application\/ld+json\" class=\"yoast-schema-graph\">{\"@context\":\"https:\\\/\\\/schema.org\",\"@graph\":[{\"@type\":\"WebPage\",\"@id\":\"https:\\\/\\\/www.anne.emmtronics.de\\\/?page_id=47\",\"url\":\"https:\\\/\\\/www.anne.emmtronics.de\\\/?page_id=47\",\"name\":\"About me - Anne Hornemann - Fotografin aus Halle\\\/Saale und Leipzig\",\"isPartOf\":{\"@id\":\"https:\\\/\\\/www.anne.emmtronics.de\\\/#website\"},\"primaryImageOfPage\":{\"@id\":\"https:\\\/\\\/www.anne.emmtronics.de\\\/?page_id=47#primaryimage\"},\"image\":{\"@id\":\"https:\\\/\\\/www.anne.emmtronics.de\\\/?page_id=47#primaryimage\"},\"thumbnailUrl\":\"https:\\\/\\\/www.anne.emmtronics.de\\\/wp-content\\\/uploads\\\/2025\\\/01\\\/s_workation-sarahschneller-2024-0194.jpg\",\"datePublished\":\"2022-03-27T16:35:31+00:00\",\"dateModified\":\"2025-02-08T23:12:32+00:00\",\"breadcrumb\":{\"@id\":\"https:\\\/\\\/www.anne.emmtronics.de\\\/?page_id=47#breadcrumb\"},\"inLanguage\":\"de\",\"potentialAction\":[{\"@type\":\"ReadAction\",\"target\":[\"https:\\\/\\\/www.anne.emmtronics.de\\\/?page_id=47\"]}]},{\"@type\":\"ImageObject\",\"inLanguage\":\"de\",\"@id\":\"https:\\\/\\\/www.anne.emmtronics.de\\\/?page_id=47#primaryimage\",\"url\":\"https:\\\/\\\/www.anne.emmtronics.de\\\/wp-content\\\/uploads\\\/2025\\\/01\\\/s_workation-sarahschneller-2024-0194.jpg\",\"contentUrl\":\"https:\\\/\\\/www.anne.emmtronics.de\\\/wp-content\\\/uploads\\\/2025\\\/01\\\/s_workation-sarahschneller-2024-0194.jpg\",\"width\":2500,\"height\":1667},{\"@type\":\"BreadcrumbList\",\"@id\":\"https:\\\/\\\/www.anne.emmtronics.de\\\/?page_id=47#breadcrumb\",\"itemListElement\":[{\"@type\":\"ListItem\",\"position\":1,\"name\":\"Startseite\",\"item\":\"https:\\\/\\\/www.anne.emmtronics.de\\\/\"},{\"@type\":\"ListItem\",\"position\":2,\"name\":\"About me\"}]},{\"@type\":\"WebSite\",\"@id\":\"https:\\\/\\\/www.anne.emmtronics.de\\\/#website\",\"url\":\"https:\\\/\\\/www.anne.emmtronics.de\\\/\",\"name\":\"Anne Hornemann - Fotografin aus Halle\\\/Saale und Leipzig\",\"description\":\"moderne Business Portraits + Events, Musikershootings + Konzertfotografie, farbenfrohe Hochzeiten, Familien Reportagen, therapeutische Fotografie\",\"publisher\":{\"@id\":\"https:\\\/\\\/www.anne.emmtronics.de\\\/#organization\"},\"potentialAction\":[{\"@type\":\"SearchAction\",\"target\":{\"@type\":\"EntryPoint\",\"urlTemplate\":\"https:\\\/\\\/www.anne.emmtronics.de\\\/?s={search_term_string}\"},\"query-input\":{\"@type\":\"PropertyValueSpecification\",\"valueRequired\":true,\"valueName\":\"search_term_string\"}}],\"inLanguage\":\"de\"},{\"@type\":\"Organization\",\"@id\":\"https:\\\/\\\/www.anne.emmtronics.de\\\/#organization\",\"name\":\"Anne Hornemann - Fotografin aus Halle\\\/Saale und Leipzig\",\"url\":\"https:\\\/\\\/www.anne.emmtronics.de\\\/\",\"logo\":{\"@type\":\"ImageObject\",\"inLanguage\":\"de\",\"@id\":\"https:\\\/\\\/www.anne.emmtronics.de\\\/#\\\/schema\\\/logo\\\/image\\\/\",\"url\":\"https:\\\/\\\/www.anne.emmtronics.de\\\/wp-content\\\/uploads\\\/2023\\\/10\\\/cropped-Logoklein.png\",\"contentUrl\":\"https:\\\/\\\/www.anne.emmtronics.de\\\/wp-content\\\/uploads\\\/2023\\\/10\\\/cropped-Logoklein.png\",\"width\":442,\"height\":167,\"caption\":\"Anne Hornemann - Fotografin aus Halle\\\/Saale und Leipzig\"},\"image\":{\"@id\":\"https:\\\/\\\/www.anne.emmtronics.de\\\/#\\\/schema\\\/logo\\\/image\\\/\"}}]}<\/script>\n<!-- \/ Yoast SEO plugin. -->","yoast_head_json":{"title":"About me - Anne Hornemann - Fotografin aus Halle\/Saale und Leipzig","robots":{"index":"index","follow":"follow","max-snippet":"max-snippet:-1","max-image-preview":"max-image-preview:large","max-video-preview":"max-video-preview:-1"},"canonical":"https:\/\/www.anne.emmtronics.de\/?page_id=47","og_locale":"de_DE","og_type":"article","og_title":"About me - Anne Hornemann - Fotografin aus Halle\/Saale und Leipzig","og_description":"I tell stories with photos","og_url":"https:\/\/www.anne.emmtronics.de\/?page_id=47","og_site_name":"Anne Hornemann - Fotografin aus Halle\/Saale und Leipzig","article_modified_time":"2025-02-08T23:12:32+00:00","og_image":[{"width":2500,"height":1667,"url":"https:\/\/www.anne.emmtronics.de\/wp-content\/uploads\/2025\/01\/s_workation-sarahschneller-2024-0194.jpg","type":"image\/jpeg"}],"twitter_card":"summary_large_image","twitter_misc":{"Gesch\u00e4tzte Lesezeit":"2\u00a0Minuten"},"schema":{"@context":"https:\/\/schema.org","@graph":[{"@type":"WebPage","@id":"https:\/\/www.anne.emmtronics.de\/?page_id=47","url":"https:\/\/www.anne.emmtronics.de\/?page_id=47","name":"About me - Anne Hornemann - Fotografin aus Halle\/Saale und Leipzig","isPartOf":{"@id":"https:\/\/www.anne.emmtronics.de\/#website"},"primaryImageOfPage":{"@id":"https:\/\/www.anne.emmtronics.de\/?page_id=47#primaryimage"},"image":{"@id":"https:\/\/www.anne.emmtronics.de\/?page_id=47#primaryimage"},"thumbnailUrl":"https:\/\/www.anne.emmtronics.de\/wp-content\/uploads\/2025\/01\/s_workation-sarahschneller-2024-0194.jpg","datePublished":"2022-03-27T16:35:31+00:00","dateModified":"2025-02-08T23:12:32+00:00","breadcrumb":{"@id":"https:\/\/www.anne.emmtronics.de\/?page_id=47#breadcrumb"},"inLanguage":"de","potentialAction":[{"@type":"ReadAction","target":["https:\/\/www.anne.emmtronics.de\/?page_id=47"]}]},{"@type":"ImageObject","inLanguage":"de","@id":"https:\/\/www.anne.emmtronics.de\/?page_id=47#primaryimage","url":"https:\/\/www.anne.emmtronics.de\/wp-content\/uploads\/2025\/01\/s_workation-sarahschneller-2024-0194.jpg","contentUrl":"https:\/\/www.anne.emmtronics.de\/wp-content\/uploads\/2025\/01\/s_workation-sarahschneller-2024-0194.jpg","width":2500,"height":1667},{"@type":"BreadcrumbList","@id":"https:\/\/www.anne.emmtronics.de\/?page_id=47#breadcrumb","itemListElement":[{"@type":"ListItem","position":1,"name":"Startseite","item":"https:\/\/www.anne.emmtronics.de\/"},{"@type":"ListItem","position":2,"name":"About me"}]},{"@type":"WebSite","@id":"https:\/\/www.anne.emmtronics.de\/#website","url":"https:\/\/www.anne.emmtronics.de\/","name":"Anne Hornemann - Fotografin aus Halle\/Saale und Leipzig","description":"moderne Business Portraits + Events, Musikershootings + Konzertfotografie, farbenfrohe Hochzeiten, Familien Reportagen, therapeutische Fotografie","publisher":{"@id":"https:\/\/www.anne.emmtronics.de\/#organization"},"potentialAction":[{"@type":"SearchAction","target":{"@type":"EntryPoint","urlTemplate":"https:\/\/www.anne.emmtronics.de\/?s={search_term_string}"},"query-input":{"@type":"PropertyValueSpecification","valueRequired":true,"valueName":"search_term_string"}}],"inLanguage":"de"},{"@type":"Organization","@id":"https:\/\/www.anne.emmtronics.de\/#organization","name":"Anne Hornemann - Fotografin aus Halle\/Saale und Leipzig","url":"https:\/\/www.anne.emmtronics.de\/","logo":{"@type":"ImageObject","inLanguage":"de","@id":"https:\/\/www.anne.emmtronics.de\/#\/schema\/logo\/image\/","url":"https:\/\/www.anne.emmtronics.de\/wp-content\/uploads\/2023\/10\/cropped-Logoklein.png","contentUrl":"https:\/\/www.anne.emmtronics.de\/wp-content\/uploads\/2023\/10\/cropped-Logoklein.png","width":442,"height":167,"caption":"Anne Hornemann - Fotografin aus Halle\/Saale und Leipzig"},"image":{"@id":"https:\/\/www.anne.emmtronics.de\/#\/schema\/logo\/image\/"}}]}},"_links":{"self":[{"href":"https:\/\/www.anne.emmtronics.de\/index.php?rest_route=\/wp\/v2\/pages\/47","targetHints":{"allow":["GET"]}}],"collection":[{"href":"https:\/\/www.anne.emmtronics.de\/index.php?rest_route=\/wp\/v2\/pages"}],"about":[{"href":"https:\/\/www.anne.emmtronics.de\/index.php?rest_route=\/wp\/v2\/types\/page"}],"author":[{"embeddable":true,"href":"https:\/\/www.anne.emmtronics.de\/index.php?rest_route=\/wp\/v2\/users\/1"}],"replies":[{"embeddable":true,"href":"https:\/\/www.anne.emmtronics.de\/index.php?rest_route=%2Fwp%2Fv2%2Fcomments&post=47"}],"version-history":[{"count":37,"href":"https:\/\/www.anne.emmtronics.de\/index.php?rest_route=\/wp\/v2\/pages\/47\/revisions"}],"predecessor-version":[{"id":4779,"href":"https:\/\/www.anne.emmtronics.de\/index.php?rest_route=\/wp\/v2\/pages\/47\/revisions\/4779"}],"wp:featuredmedia":[{"embeddable":true,"href":"https:\/\/www.anne.emmtronics.de\/index.php?rest_route=\/wp\/v2\/media\/4628"}],"wp:attachment":[{"href":"https:\/\/www.anne.emmtronics.de\/index.php?rest_route=%2Fwp%2Fv2%2Fmedia&parent=47"}],"curies":[{"name":"wp","href":"https:\/\/api.w.org\/{rel}","templated":true}]}}