{"id":56,"date":"2022-03-27T16:37:15","date_gmt":"2022-03-27T16:37:15","guid":{"rendered":"https:\/\/themes.getmotopress.com\/pixetty\/?page_id=56"},"modified":"2025-02-09T00:38:32","modified_gmt":"2025-02-09T00:38:32","slug":"portfolio-creative","status":"publish","type":"page","link":"https:\/\/www.anne.emmtronics.de\/?page_id=56","title":{"rendered":"Portfolio"},"content":{"rendered":"\t\t<div data-elementor-type=\"wp-page\" data-elementor-id=\"56\" class=\"elementor elementor-56\" data-elementor-post-type=\"page\">\n\t\t\t\t<div class=\"elementor-element elementor-element-1c40b99 e-flex e-con-boxed e-con e-parent\" data-id=\"1c40b99\" data-element_type=\"container\" data-e-type=\"container\">\n\t\t\t\t\t<div class=\"e-con-inner\">\n\t\t\t\t<div class=\"elementor-element elementor-element-33acd2d elementor-widget elementor-widget-text-editor\" data-id=\"33acd2d\" data-element_type=\"widget\" data-e-type=\"widget\" data-widget_type=\"text-editor.default\">\n\t\t\t\t<div class=\"elementor-widget-container\">\n\t\t\t\t\t\t\t\t\t<h1><strong>Portfolio \u2013 Ausdrucks-starke Bildwerke<\/strong><\/h1><p>Jede Fotografie ist mehr als eine Momentaufnahme \u2013 sie erz\u00e4hlt eine Geschichte. Mit Feingef\u00fchl, Kreativit\u00e4t und einem geschulten Blick f\u00fcr Licht und Atmosph\u00e4re entstehen authentische Bildwerke f\u00fcr Musiker:innen, Hochzeiten, Familien und Unternehmen.<\/p><ul><li><strong>Musikerfotografie<\/strong> \u2013 Konzertaufnahmen, K\u00fcnstlerportraits und CD-Cover, die Klang in Bilder verwandeln.<\/li><li><strong>Hochzeitsfotografie<\/strong> \u2013 Farbenfroh, lebendig, emotional \u2013 echte Momente stilvoll festgehalten.<\/li><li><strong>Familienfotografie<\/strong> \u2013 Zeitlose Erinnerungen voller N\u00e4he und Nat\u00fcrlichkeit.<\/li><li><strong>Business &amp; Branding<\/strong> \u2013 Starke Portraits f\u00fcr Selbstst\u00e4ndige und Unternehmen, professionell und authentisch.<\/li><\/ul><p><strong>Jetzt inspirieren lassen \u2013 Bilder, die bleiben.<\/strong><\/p>\t\t\t\t\t\t\t\t<\/div>\n\t\t\t\t<\/div>\n\t\t\t\t\t<\/div>\n\t\t\t\t<\/div>\n\t\t\t\t<\/div>\n\t\t","protected":false},"excerpt":{"rendered":"<p>I tell stories with photos<\/p>\n","protected":false},"author":1,"featured_media":0,"parent":0,"menu_order":0,"comment_status":"closed","ping_status":"closed","template":"","meta":{"inline_featured_image":false,"inspiro_hide_title":false,"footnotes":""},"class_list":["post-56","page","type-page","status-publish","hentry"],"yoast_head":"<!-- This site is optimized with the Yoast SEO plugin v27.5 - https:\/\/yoast.com\/product\/yoast-seo-wordpress\/ -->\n<title>Portfolio - Anne Hornemann - Fotografin aus Halle\/Saale und Leipzig<\/title>\n<meta name=\"robots\" content=\"index, follow, max-snippet:-1, max-image-preview:large, max-video-preview:-1\" \/>\n<link rel=\"canonical\" href=\"https:\/\/www.anne.emmtronics.de\/?page_id=56\" \/>\n<meta property=\"og:locale\" content=\"de_DE\" \/>\n<meta property=\"og:type\" content=\"article\" \/>\n<meta property=\"og:title\" content=\"Portfolio - Anne Hornemann - Fotografin aus Halle\/Saale und Leipzig\" \/>\n<meta property=\"og:description\" content=\"I tell stories with photos\" \/>\n<meta property=\"og:url\" content=\"https:\/\/www.anne.emmtronics.de\/?page_id=56\" \/>\n<meta property=\"og:site_name\" content=\"Anne Hornemann - Fotografin aus Halle\/Saale und Leipzig\" \/>\n<meta property=\"article:modified_time\" content=\"2025-02-09T00:38:32+00:00\" \/>\n<meta name=\"twitter:card\" content=\"summary_large_image\" \/>\n<meta name=\"twitter:label1\" content=\"Gesch\u00e4tzte Lesezeit\" \/>\n\t<meta name=\"twitter:data1\" content=\"1\u00a0Minute\" \/>\n<script type=\"application\/ld+json\" class=\"yoast-schema-graph\">{\"@context\":\"https:\\\/\\\/schema.org\",\"@graph\":[{\"@type\":\"WebPage\",\"@id\":\"https:\\\/\\\/www.anne.emmtronics.de\\\/?page_id=56\",\"url\":\"https:\\\/\\\/www.anne.emmtronics.de\\\/?page_id=56\",\"name\":\"Portfolio - Anne Hornemann - Fotografin aus Halle\\\/Saale und Leipzig\",\"isPartOf\":{\"@id\":\"https:\\\/\\\/www.anne.emmtronics.de\\\/#website\"},\"datePublished\":\"2022-03-27T16:37:15+00:00\",\"dateModified\":\"2025-02-09T00:38:32+00:00\",\"breadcrumb\":{\"@id\":\"https:\\\/\\\/www.anne.emmtronics.de\\\/?page_id=56#breadcrumb\"},\"inLanguage\":\"de\",\"potentialAction\":[{\"@type\":\"ReadAction\",\"target\":[\"https:\\\/\\\/www.anne.emmtronics.de\\\/?page_id=56\"]}]},{\"@type\":\"BreadcrumbList\",\"@id\":\"https:\\\/\\\/www.anne.emmtronics.de\\\/?page_id=56#breadcrumb\",\"itemListElement\":[{\"@type\":\"ListItem\",\"position\":1,\"name\":\"Startseite\",\"item\":\"https:\\\/\\\/www.anne.emmtronics.de\\\/\"},{\"@type\":\"ListItem\",\"position\":2,\"name\":\"Portfolio\"}]},{\"@type\":\"WebSite\",\"@id\":\"https:\\\/\\\/www.anne.emmtronics.de\\\/#website\",\"url\":\"https:\\\/\\\/www.anne.emmtronics.de\\\/\",\"name\":\"Anne Hornemann - Fotografin aus Halle\\\/Saale und Leipzig\",\"description\":\"moderne Business Portraits + Events, Musikershootings + Konzertfotografie, farbenfrohe Hochzeiten, Familien Reportagen, therapeutische Fotografie\",\"publisher\":{\"@id\":\"https:\\\/\\\/www.anne.emmtronics.de\\\/#organization\"},\"potentialAction\":[{\"@type\":\"SearchAction\",\"target\":{\"@type\":\"EntryPoint\",\"urlTemplate\":\"https:\\\/\\\/www.anne.emmtronics.de\\\/?s={search_term_string}\"},\"query-input\":{\"@type\":\"PropertyValueSpecification\",\"valueRequired\":true,\"valueName\":\"search_term_string\"}}],\"inLanguage\":\"de\"},{\"@type\":\"Organization\",\"@id\":\"https:\\\/\\\/www.anne.emmtronics.de\\\/#organization\",\"name\":\"Anne Hornemann - Fotografin aus Halle\\\/Saale und Leipzig\",\"url\":\"https:\\\/\\\/www.anne.emmtronics.de\\\/\",\"logo\":{\"@type\":\"ImageObject\",\"inLanguage\":\"de\",\"@id\":\"https:\\\/\\\/www.anne.emmtronics.de\\\/#\\\/schema\\\/logo\\\/image\\\/\",\"url\":\"https:\\\/\\\/www.anne.emmtronics.de\\\/wp-content\\\/uploads\\\/2023\\\/10\\\/cropped-Logoklein.png\",\"contentUrl\":\"https:\\\/\\\/www.anne.emmtronics.de\\\/wp-content\\\/uploads\\\/2023\\\/10\\\/cropped-Logoklein.png\",\"width\":442,\"height\":167,\"caption\":\"Anne Hornemann - Fotografin aus Halle\\\/Saale und Leipzig\"},\"image\":{\"@id\":\"https:\\\/\\\/www.anne.emmtronics.de\\\/#\\\/schema\\\/logo\\\/image\\\/\"}}]}<\/script>\n<!-- \/ Yoast SEO plugin. -->","yoast_head_json":{"title":"Portfolio - Anne Hornemann - Fotografin aus Halle\/Saale und Leipzig","robots":{"index":"index","follow":"follow","max-snippet":"max-snippet:-1","max-image-preview":"max-image-preview:large","max-video-preview":"max-video-preview:-1"},"canonical":"https:\/\/www.anne.emmtronics.de\/?page_id=56","og_locale":"de_DE","og_type":"article","og_title":"Portfolio - Anne Hornemann - Fotografin aus Halle\/Saale und Leipzig","og_description":"I tell stories with photos","og_url":"https:\/\/www.anne.emmtronics.de\/?page_id=56","og_site_name":"Anne Hornemann - Fotografin aus Halle\/Saale und Leipzig","article_modified_time":"2025-02-09T00:38:32+00:00","twitter_card":"summary_large_image","twitter_misc":{"Gesch\u00e4tzte Lesezeit":"1\u00a0Minute"},"schema":{"@context":"https:\/\/schema.org","@graph":[{"@type":"WebPage","@id":"https:\/\/www.anne.emmtronics.de\/?page_id=56","url":"https:\/\/www.anne.emmtronics.de\/?page_id=56","name":"Portfolio - Anne Hornemann - Fotografin aus Halle\/Saale und Leipzig","isPartOf":{"@id":"https:\/\/www.anne.emmtronics.de\/#website"},"datePublished":"2022-03-27T16:37:15+00:00","dateModified":"2025-02-09T00:38:32+00:00","breadcrumb":{"@id":"https:\/\/www.anne.emmtronics.de\/?page_id=56#breadcrumb"},"inLanguage":"de","potentialAction":[{"@type":"ReadAction","target":["https:\/\/www.anne.emmtronics.de\/?page_id=56"]}]},{"@type":"BreadcrumbList","@id":"https:\/\/www.anne.emmtronics.de\/?page_id=56#breadcrumb","itemListElement":[{"@type":"ListItem","position":1,"name":"Startseite","item":"https:\/\/www.anne.emmtronics.de\/"},{"@type":"ListItem","position":2,"name":"Portfolio"}]},{"@type":"WebSite","@id":"https:\/\/www.anne.emmtronics.de\/#website","url":"https:\/\/www.anne.emmtronics.de\/","name":"Anne Hornemann - Fotografin aus Halle\/Saale und Leipzig","description":"moderne Business Portraits + Events, Musikershootings + Konzertfotografie, farbenfrohe Hochzeiten, Familien Reportagen, therapeutische Fotografie","publisher":{"@id":"https:\/\/www.anne.emmtronics.de\/#organization"},"potentialAction":[{"@type":"SearchAction","target":{"@type":"EntryPoint","urlTemplate":"https:\/\/www.anne.emmtronics.de\/?s={search_term_string}"},"query-input":{"@type":"PropertyValueSpecification","valueRequired":true,"valueName":"search_term_string"}}],"inLanguage":"de"},{"@type":"Organization","@id":"https:\/\/www.anne.emmtronics.de\/#organization","name":"Anne Hornemann - Fotografin aus Halle\/Saale und Leipzig","url":"https:\/\/www.anne.emmtronics.de\/","logo":{"@type":"ImageObject","inLanguage":"de","@id":"https:\/\/www.anne.emmtronics.de\/#\/schema\/logo\/image\/","url":"https:\/\/www.anne.emmtronics.de\/wp-content\/uploads\/2023\/10\/cropped-Logoklein.png","contentUrl":"https:\/\/www.anne.emmtronics.de\/wp-content\/uploads\/2023\/10\/cropped-Logoklein.png","width":442,"height":167,"caption":"Anne Hornemann - Fotografin aus Halle\/Saale und Leipzig"},"image":{"@id":"https:\/\/www.anne.emmtronics.de\/#\/schema\/logo\/image\/"}}]}},"_links":{"self":[{"href":"https:\/\/www.anne.emmtronics.de\/index.php?rest_route=\/wp\/v2\/pages\/56","targetHints":{"allow":["GET"]}}],"collection":[{"href":"https:\/\/www.anne.emmtronics.de\/index.php?rest_route=\/wp\/v2\/pages"}],"about":[{"href":"https:\/\/www.anne.emmtronics.de\/index.php?rest_route=\/wp\/v2\/types\/page"}],"author":[{"embeddable":true,"href":"https:\/\/www.anne.emmtronics.de\/index.php?rest_route=\/wp\/v2\/users\/1"}],"replies":[{"embeddable":true,"href":"https:\/\/www.anne.emmtronics.de\/index.php?rest_route=%2Fwp%2Fv2%2Fcomments&post=56"}],"version-history":[{"count":15,"href":"https:\/\/www.anne.emmtronics.de\/index.php?rest_route=\/wp\/v2\/pages\/56\/revisions"}],"predecessor-version":[{"id":4817,"href":"https:\/\/www.anne.emmtronics.de\/index.php?rest_route=\/wp\/v2\/pages\/56\/revisions\/4817"}],"wp:attachment":[{"href":"https:\/\/www.anne.emmtronics.de\/index.php?rest_route=%2Fwp%2Fv2%2Fmedia&parent=56"}],"curies":[{"name":"wp","href":"https:\/\/api.w.org\/{rel}","templated":true}]}}